{"id":4328,"date":"2024-02-26T15:27:33","date_gmt":"2024-02-26T14:27:33","guid":{"rendered":"https:\/\/aboutblu.com\/?page_id=4328"},"modified":"2024-02-26T15:27:33","modified_gmt":"2024-02-26T14:27:33","slug":"aboutblu-accessoires","status":"publish","type":"page","link":"https:\/\/aboutblu.com\/de\/aboutblu-accessoires\/","title":{"rendered":"Aboutblu Accessoires"},"content":{"rendered":"\n<div style=\"height:100px\" aria-hidden=\"true\" class=\"wp-block-spacer\"><\/div>\n\n\n\n<div class=\"wp-block-columns is-layout-flex wp-container-core-columns-is-layout-9d6595d7 wp-block-columns-is-layout-flex\">\n<div class=\"wp-block-column is-layout-flow wp-block-column-is-layout-flow\" style=\"flex-basis:10%\"><\/div>\n\n\n\n<div class=\"wp-block-column is-layout-flow wp-block-column-is-layout-flow\">\n<h1 class=\"wp-block-heading\">Aboutblu Accessoires<\/h1>\n<\/div>\n\n\n\n<div class=\"wp-block-column is-layout-flow wp-block-column-is-layout-flow\" style=\"flex-basis:10%\"><\/div>\n<\/div>\n\n\n\n<div class=\"wp-block-columns is-layout-flex wp-container-core-columns-is-layout-9d6595d7 wp-block-columns-is-layout-flex\">\n<div class=\"wp-block-column is-layout-flow wp-block-column-is-layout-flow\" style=\"flex-basis:10%\"><\/div>\n\n\n\n<div class=\"wp-block-column is-layout-flow wp-block-column-is-layout-flow\"><div class=\"wp-block-image\">\n<figure class=\"aligncenter size-large is-resized\"><img loading=\"lazy\" decoding=\"async\" width=\"364\" height=\"1024\" src=\"https:\/\/aboutblu.com\/wp-content\/uploads\/AB_solette-07-364x1024.png\" alt=\"\" class=\"wp-image-4246\" style=\"width:auto;height:450px\" srcset=\"https:\/\/aboutblu.com\/wp-content\/uploads\/AB_solette-07-364x1024.png 364w, https:\/\/aboutblu.com\/wp-content\/uploads\/AB_solette-07.png 650w\" sizes=\"auto, (max-width: 364px) 100vw, 364px\" \/><\/figure>\n<\/div>\n\n\n<p class=\"has-text-align-center\" style=\"font-size:18px\"><em>AC0SU108<\/em><br><strong>TECH SOFT\u00a0IN BLISTER<\/strong><br><em>Erh\u00e4ltlich in allen Gr\u00f6\u00dfen<\/em><\/p>\n<\/div>\n\n\n\n<div class=\"wp-block-column is-layout-flow wp-block-column-is-layout-flow\"><div class=\"wp-block-image\">\n<figure class=\"aligncenter size-full is-resized\"><img loading=\"lazy\" decoding=\"async\" width=\"650\" height=\"1831\" src=\"https:\/\/aboutblu.com\/wp-content\/uploads\/AB_solette_Tavola-disegno-1.png\" alt=\"\" class=\"wp-image-4242\" style=\"width:auto;height:450px\" srcset=\"https:\/\/aboutblu.com\/wp-content\/uploads\/AB_solette_Tavola-disegno-1.png 650w, https:\/\/aboutblu.com\/wp-content\/uploads\/AB_solette_Tavola-disegno-1-106x300.png 106w, https:\/\/aboutblu.com\/wp-content\/uploads\/AB_solette_Tavola-disegno-1-364x1024.png 364w, https:\/\/aboutblu.com\/wp-content\/uploads\/AB_solette_Tavola-disegno-1-545x1536.png 545w\" sizes=\"auto, (max-width: 650px) 100vw, 650px\" \/><\/figure>\n<\/div>\n\n\n<p class=\"has-text-align-center\" style=\"font-size:18px\"><em>AC0SU107<\/em><br><strong>PERFORMANCE IN BLISTER<\/strong><br><em>Erh\u00e4ltlich in allen Gr\u00f6\u00dfen<\/em><\/p>\n<\/div>\n\n\n\n<div class=\"wp-block-column is-layout-flow wp-block-column-is-layout-flow\"><div class=\"wp-block-image\">\n<figure class=\"aligncenter size-full is-resized\"><img loading=\"lazy\" decoding=\"async\" width=\"650\" height=\"1831\" src=\"https:\/\/aboutblu.com\/wp-content\/uploads\/AB_solette_Tavola-disegno-1-copia.png\" alt=\"\" class=\"wp-image-4238\" style=\"width:auto;height:450px\" srcset=\"https:\/\/aboutblu.com\/wp-content\/uploads\/AB_solette_Tavola-disegno-1-copia.png 650w, https:\/\/aboutblu.com\/wp-content\/uploads\/AB_solette_Tavola-disegno-1-copia-106x300.png 106w, https:\/\/aboutblu.com\/wp-content\/uploads\/AB_solette_Tavola-disegno-1-copia-364x1024.png 364w, https:\/\/aboutblu.com\/wp-content\/uploads\/AB_solette_Tavola-disegno-1-copia-545x1536.png 545w\" sizes=\"auto, (max-width: 650px) 100vw, 650px\" \/><\/figure>\n<\/div>\n\n\n<p class=\"has-text-align-center\"><em>AC0SU1070<\/em><br><strong>SANI TECH\u00a0IN BLISTER<\/strong><br><em>Erh\u00e4ltlich in allen Gr\u00f6\u00dfen<\/em><\/p>\n<\/div>\n\n\n\n<div class=\"wp-block-column is-layout-flow wp-block-column-is-layout-flow\" style=\"flex-basis:10%\"><\/div>\n<\/div>\n\n\n\n<div class=\"wp-block-columns is-layout-flex wp-container-core-columns-is-layout-9d6595d7 wp-block-columns-is-layout-flex\">\n<div class=\"wp-block-column is-layout-flow wp-block-column-is-layout-flow\" style=\"flex-basis:10%\"><\/div>\n\n\n\n<div class=\"wp-block-column is-layout-flow wp-block-column-is-layout-flow\"><div class=\"wp-block-image\">\n<figure class=\"aligncenter size-large is-resized\"><img loading=\"lazy\" decoding=\"async\" width=\"364\" height=\"1024\" src=\"https:\/\/aboutblu.com\/wp-content\/uploads\/AB_solette_Tavola-disegno-1-copia-4-364x1024.png\" alt=\"\" class=\"wp-image-4230\" style=\"width:auto;height:450px\" srcset=\"https:\/\/aboutblu.com\/wp-content\/uploads\/AB_solette_Tavola-disegno-1-copia-4-364x1024.png 364w, https:\/\/aboutblu.com\/wp-content\/uploads\/AB_solette_Tavola-disegno-1-copia-4.png 650w\" sizes=\"auto, (max-width: 364px) 100vw, 364px\" \/><\/figure>\n<\/div>\n\n\n<p class=\"has-text-align-center\" style=\"font-size:18px\"><em>AC0SU1080<\/em><br><strong>ECO SOFT\u00a0IN BLISTER<\/strong><br><em>Erh\u00e4ltlich in allen Gr\u00f6\u00dfen<\/em><\/p>\n<\/div>\n\n\n\n<div class=\"wp-block-column is-layout-flow wp-block-column-is-layout-flow\"><div class=\"wp-block-image\">\n<figure class=\"aligncenter size-full is-resized\"><img loading=\"lazy\" decoding=\"async\" width=\"650\" height=\"1831\" src=\"https:\/\/aboutblu.com\/wp-content\/uploads\/AB_solette_Tavola-disegno-1-copia-8.png\" alt=\"\" class=\"wp-image-4234\" style=\"width:auto;height:450px\" srcset=\"https:\/\/aboutblu.com\/wp-content\/uploads\/AB_solette_Tavola-disegno-1-copia-8.png 650w, https:\/\/aboutblu.com\/wp-content\/uploads\/AB_solette_Tavola-disegno-1-copia-8-106x300.png 106w, https:\/\/aboutblu.com\/wp-content\/uploads\/AB_solette_Tavola-disegno-1-copia-8-364x1024.png 364w, https:\/\/aboutblu.com\/wp-content\/uploads\/AB_solette_Tavola-disegno-1-copia-8-545x1536.png 545w\" sizes=\"auto, (max-width: 650px) 100vw, 650px\" \/><\/figure>\n<\/div>\n\n\n<p class=\"has-text-align-center\" style=\"font-size:18px\"><em>ACOSU1097<\/em><br><strong>ECO INSOLE\u00a0 IN BLISTER<\/strong><br><em>Erh\u00e4ltlich in allen Gr\u00f6\u00dfen<\/em><\/p>\n<\/div>\n\n\n\n<div class=\"wp-block-column is-layout-flow wp-block-column-is-layout-flow\"><\/div>\n\n\n\n<div class=\"wp-block-column is-layout-flow wp-block-column-is-layout-flow\" style=\"flex-basis:10%\"><\/div>\n<\/div>\n\n\n\n<div class=\"wp-block-columns is-layout-flex wp-container-core-columns-is-layout-9d6595d7 wp-block-columns-is-layout-flex\">\n<div class=\"wp-block-column is-layout-flow wp-block-column-is-layout-flow\" style=\"flex-basis:10%\"><\/div>\n\n\n\n<div class=\"wp-block-column is-layout-flow wp-block-column-is-layout-flow\">\n<figure class=\"wp-block-image alignwide size-large is-style-default\"><img loading=\"lazy\" decoding=\"async\" width=\"1024\" height=\"768\" src=\"https:\/\/aboutblu.com\/wp-content\/uploads\/accesori-01-1024x768.png\" alt=\"\" class=\"wp-image-4263\" srcset=\"https:\/\/aboutblu.com\/wp-content\/uploads\/accesori-01-1024x768.png 1024w, https:\/\/aboutblu.com\/wp-content\/uploads\/accesori-01-300x225.png 300w, https:\/\/aboutblu.com\/wp-content\/uploads\/accesori-01-768x576.png 768w, https:\/\/aboutblu.com\/wp-content\/uploads\/accesori-01-1536x1152.png 1536w, https:\/\/aboutblu.com\/wp-content\/uploads\/accesori-01.png 1667w\" sizes=\"auto, (max-width: 1024px) 100vw, 1024px\" \/><\/figure>\n<\/div>\n\n\n\n<div class=\"wp-block-column is-vertically-aligned-center is-layout-flow wp-block-column-is-layout-flow\">\n<p class=\"has-text-align-center\"><em>AC0LA1002<\/em><br><strong>Schn\u00fcrsenkel CM 110<\/strong>: <em>Schwarz \/ konf 10 paar<\/em><\/p>\n<\/div>\n\n\n\n<div class=\"wp-block-column is-layout-flow wp-block-column-is-layout-flow\" style=\"flex-basis:10px\"><\/div>\n<\/div>\n\n\n\n<div class=\"wp-block-columns is-layout-flex wp-container-core-columns-is-layout-9d6595d7 wp-block-columns-is-layout-flex\">\n<div class=\"wp-block-column is-layout-flow wp-block-column-is-layout-flow\" style=\"flex-basis:10%\"><\/div>\n\n\n\n<div class=\"wp-block-column is-layout-flow wp-block-column-is-layout-flow\">\n<figure class=\"wp-block-image alignwide size-large is-style-default\"><img loading=\"lazy\" decoding=\"async\" width=\"1024\" height=\"768\" src=\"https:\/\/aboutblu.com\/wp-content\/uploads\/accesori-02-1024x768.png\" alt=\"\" class=\"wp-image-4267\" srcset=\"https:\/\/aboutblu.com\/wp-content\/uploads\/accesori-02-1024x768.png 1024w, https:\/\/aboutblu.com\/wp-content\/uploads\/accesori-02-300x225.png 300w, https:\/\/aboutblu.com\/wp-content\/uploads\/accesori-02-768x576.png 768w, https:\/\/aboutblu.com\/wp-content\/uploads\/accesori-02-1536x1152.png 1536w, https:\/\/aboutblu.com\/wp-content\/uploads\/accesori-02.png 1667w\" sizes=\"auto, (max-width: 1024px) 100vw, 1024px\" \/><\/figure>\n<\/div>\n\n\n\n<div class=\"wp-block-column is-vertically-aligned-center is-layout-flow wp-block-column-is-layout-flow\">\n<p class=\"has-text-align-center\"><em>AC0LA1003<\/em><br><strong>Schn\u00fcrsenkel CM 130<\/strong>: <em>Schwarz \/ konf 10 paar<\/em><\/p>\n<\/div>\n\n\n\n<div class=\"wp-block-column is-layout-flow wp-block-column-is-layout-flow\" style=\"flex-basis:10px\"><\/div>\n<\/div>\n\n\n\n<div class=\"wp-block-columns is-layout-flex wp-container-core-columns-is-layout-9d6595d7 wp-block-columns-is-layout-flex\">\n<div class=\"wp-block-column is-layout-flow wp-block-column-is-layout-flow\" style=\"flex-basis:10%\"><\/div>\n\n\n\n<div class=\"wp-block-column is-layout-flow wp-block-column-is-layout-flow\">\n<figure class=\"wp-block-image alignwide size-large is-style-default\"><img loading=\"lazy\" decoding=\"async\" width=\"1024\" height=\"768\" src=\"https:\/\/aboutblu.com\/wp-content\/uploads\/accesori-03-1024x768.png\" alt=\"\" class=\"wp-image-4271\" srcset=\"https:\/\/aboutblu.com\/wp-content\/uploads\/accesori-03-1024x768.png 1024w, https:\/\/aboutblu.com\/wp-content\/uploads\/accesori-03-300x225.png 300w, https:\/\/aboutblu.com\/wp-content\/uploads\/accesori-03-768x576.png 768w, https:\/\/aboutblu.com\/wp-content\/uploads\/accesori-03-1536x1152.png 1536w, https:\/\/aboutblu.com\/wp-content\/uploads\/accesori-03.png 1667w\" sizes=\"auto, (max-width: 1024px) 100vw, 1024px\" \/><\/figure>\n<\/div>\n\n\n\n<div class=\"wp-block-column is-vertically-aligned-center is-layout-flow wp-block-column-is-layout-flow\">\n<p class=\"has-text-align-center\"><em>AC0LAELA8000130<\/em><br><strong>KIT Schn\u00fcrsenkel LE MANS<\/strong><\/p>\n<\/div>\n\n\n\n<div class=\"wp-block-column is-layout-flow wp-block-column-is-layout-flow\" style=\"flex-basis:10px\"><\/div>\n<\/div>\n\n\n\n<div class=\"wp-block-columns is-layout-flex wp-container-core-columns-is-layout-9d6595d7 wp-block-columns-is-layout-flex\">\n<div class=\"wp-block-column is-layout-flow wp-block-column-is-layout-flow\" style=\"flex-basis:10%\"><\/div>\n\n\n\n<div class=\"wp-block-column is-layout-flow wp-block-column-is-layout-flow\">\n<figure class=\"wp-block-image alignwide size-large is-style-default\"><img loading=\"lazy\" decoding=\"async\" width=\"1024\" height=\"768\" src=\"https:\/\/aboutblu.com\/wp-content\/uploads\/accesori-04-1024x768.png\" alt=\"\" class=\"wp-image-4275\" srcset=\"https:\/\/aboutblu.com\/wp-content\/uploads\/accesori-04-1024x768.png 1024w, https:\/\/aboutblu.com\/wp-content\/uploads\/accesori-04-300x225.png 300w, https:\/\/aboutblu.com\/wp-content\/uploads\/accesori-04-768x576.png 768w, https:\/\/aboutblu.com\/wp-content\/uploads\/accesori-04-1536x1152.png 1536w, https:\/\/aboutblu.com\/wp-content\/uploads\/accesori-04.png 1667w\" sizes=\"auto, (max-width: 1024px) 100vw, 1024px\" \/><\/figure>\n<\/div>\n\n\n\n<div class=\"wp-block-column is-vertically-aligned-center is-layout-flow wp-block-column-is-layout-flow\">\n<p class=\"has-text-align-center\"><em>ACOATOP0075<\/em><br><strong>KIT ATOP A-B41<\/strong><br><em>BLACK-YELOW&nbsp; E-E07 cm.75<\/em><\/p>\n\n\n\n<p class=\"has-text-align-center\"><em>ACOATOP1075<\/em><br><strong>KIT ATOP A-B41<\/strong><br>BLACK-BLACK&nbsp; E-E07 cm.75<\/p>\n<\/div>\n\n\n\n<div class=\"wp-block-column is-layout-flow wp-block-column-is-layout-flow\" style=\"flex-basis:10px\"><\/div>\n<\/div>\n\n\n\n<div class=\"wp-block-columns is-layout-flex wp-container-core-columns-is-layout-9d6595d7 wp-block-columns-is-layout-flex\">\n<div class=\"wp-block-column is-layout-flow wp-block-column-is-layout-flow\" style=\"flex-basis:10%\"><\/div>\n\n\n\n<div class=\"wp-block-column is-layout-flow wp-block-column-is-layout-flow\">\n<figure class=\"wp-block-image alignwide size-large is-style-default\"><img loading=\"lazy\" decoding=\"async\" width=\"1024\" height=\"768\" src=\"https:\/\/aboutblu.com\/wp-content\/uploads\/accesori-05-1024x768.png\" alt=\"\" class=\"wp-image-4279\" srcset=\"https:\/\/aboutblu.com\/wp-content\/uploads\/accesori-05-1024x768.png 1024w, https:\/\/aboutblu.com\/wp-content\/uploads\/accesori-05-300x225.png 300w, https:\/\/aboutblu.com\/wp-content\/uploads\/accesori-05-768x576.png 768w, https:\/\/aboutblu.com\/wp-content\/uploads\/accesori-05-1536x1152.png 1536w, https:\/\/aboutblu.com\/wp-content\/uploads\/accesori-05.png 1667w\" sizes=\"auto, (max-width: 1024px) 100vw, 1024px\" \/><\/figure>\n<\/div>\n\n\n\n<div class=\"wp-block-column is-vertically-aligned-center is-layout-flow wp-block-column-is-layout-flow\">\n<p class=\"has-text-align-center\"><em>ACOLAELA8000130<\/em><br><strong>SCHNURSENKELSCHUTZ AUSSTELLER<\/strong><br><em>Erh\u00e4ltlich in allen Gr\u00f6\u00dfen<\/em><\/p>\n<\/div>\n\n\n\n<div class=\"wp-block-column is-layout-flow wp-block-column-is-layout-flow\" style=\"flex-basis:10px\"><\/div>\n<\/div>\n\n\n\n<div class=\"wp-block-columns is-layout-flex wp-container-core-columns-is-layout-9d6595d7 wp-block-columns-is-layout-flex\">\n<div class=\"wp-block-column is-layout-flow wp-block-column-is-layout-flow\" style=\"flex-basis:10%\"><\/div>\n\n\n\n<div class=\"wp-block-column is-layout-flow wp-block-column-is-layout-flow\">\n<figure class=\"wp-block-image alignwide size-large is-style-default\"><img loading=\"lazy\" decoding=\"async\" width=\"1024\" height=\"768\" src=\"https:\/\/aboutblu.com\/wp-content\/uploads\/accesori-06-1024x768.png\" alt=\"\" class=\"wp-image-4283\" srcset=\"https:\/\/aboutblu.com\/wp-content\/uploads\/accesori-06-1024x768.png 1024w, https:\/\/aboutblu.com\/wp-content\/uploads\/accesori-06-300x225.png 300w, https:\/\/aboutblu.com\/wp-content\/uploads\/accesori-06-768x576.png 768w, https:\/\/aboutblu.com\/wp-content\/uploads\/accesori-06-1536x1152.png 1536w, https:\/\/aboutblu.com\/wp-content\/uploads\/accesori-06.png 1667w\" sizes=\"auto, (max-width: 1024px) 100vw, 1024px\" \/><\/figure>\n<\/div>\n\n\n\n<div class=\"wp-block-column is-vertically-aligned-center is-layout-flow wp-block-column-is-layout-flow\">\n<p class=\"has-text-align-center\"><em>ACOSU1095<\/em><br><strong>ZENSOLE IN BLISTER<\/strong><br><em>Erh\u00e4ltlich in allen Gr\u00f6\u00dfen<\/em><\/p>\n<\/div>\n\n\n\n<div class=\"wp-block-column is-layout-flow wp-block-column-is-layout-flow\" style=\"flex-basis:10px\"><\/div>\n<\/div>\n","protected":false},"excerpt":{"rendered":"<p>Aboutblu Accessoires AC0SU108TECH SOFT\u00a0IN BLISTERErh\u00e4ltlich in allen Gr\u00f6\u00dfen AC0SU107PERFORMANCE IN BLISTERErh\u00e4ltlich in allen Gr\u00f6\u00dfen AC0SU1070SANI TECH\u00a0IN BLISTERErh\u00e4ltlich in allen Gr\u00f6\u00dfen AC0SU1080ECO SOFT\u00a0IN BLISTERErh\u00e4ltlich in allen Gr\u00f6\u00dfen ACOSU1097ECO INSOLE\u00a0 IN BLISTERErh\u00e4ltlich in allen Gr\u00f6\u00dfen AC0LA1002Schn\u00fcrsenkel CM 110: Schwarz \/ konf 10 paar AC0LA1003Schn\u00fcrsenkel CM 130: Schwarz \/ konf 10 paar AC0LAELA8000130KIT Schn\u00fcrsenkel LE MANS ACOATOP0075KIT ATOP [&hellip;]<\/p>\n","protected":false},"author":2,"featured_media":0,"parent":0,"menu_order":0,"comment_status":"closed","ping_status":"closed","template":"","meta":{"footnotes":""},"class_list":["post-4328","page","type-page","status-publish","hentry"],"acf":[],"yoast_head":"<!-- This site is optimized with the Yoast SEO plugin v22.2 - https:\/\/yoast.com\/wordpress\/plugins\/seo\/ -->\n<title>Aboutblu Accessoires - AboutBlu<\/title>\n<meta name=\"robots\" content=\"index, follow, max-snippet:-1, max-image-preview:large, max-video-preview:-1\" \/>\n<link rel=\"canonical\" href=\"https:\/\/aboutblu.com\/accessori-aboutblu\/\" \/>\n<meta property=\"og:locale\" content=\"de_DE\" \/>\n<meta property=\"og:type\" content=\"article\" \/>\n<meta property=\"og:title\" content=\"Aboutblu Accessoires - AboutBlu\" \/>\n<meta property=\"og:description\" content=\"Aboutblu Accessoires AC0SU108TECH SOFT\u00a0IN BLISTERErh\u00e4ltlich in allen Gr\u00f6\u00dfen AC0SU107PERFORMANCE IN BLISTERErh\u00e4ltlich in allen Gr\u00f6\u00dfen AC0SU1070SANI TECH\u00a0IN BLISTERErh\u00e4ltlich in allen Gr\u00f6\u00dfen AC0SU1080ECO SOFT\u00a0IN BLISTERErh\u00e4ltlich in allen Gr\u00f6\u00dfen ACOSU1097ECO INSOLE\u00a0 IN BLISTERErh\u00e4ltlich in allen Gr\u00f6\u00dfen AC0LA1002Schn\u00fcrsenkel CM 110: Schwarz \/ konf 10 paar AC0LA1003Schn\u00fcrsenkel CM 130: Schwarz \/ konf 10 paar AC0LAELA8000130KIT Schn\u00fcrsenkel LE MANS ACOATOP0075KIT ATOP [&hellip;]\" \/>\n<meta property=\"og:url\" content=\"https:\/\/aboutblu.com\/accessori-aboutblu\/\" \/>\n<meta property=\"og:site_name\" content=\"AboutBlu\" \/>\n<meta property=\"article:publisher\" content=\"https:\/\/www.facebook.com\/aboutblu\/\" \/>\n<meta property=\"og:image\" content=\"https:\/\/aboutblu.com\/wp-content\/uploads\/AB_solette-07-364x1024.png\" \/>\n<meta name=\"twitter:card\" content=\"summary_large_image\" \/>\n<meta name=\"twitter:label1\" content=\"Gesch\u00e4tzte Lesezeit\" \/>\n\t<meta name=\"twitter:data1\" content=\"1\u00a0Minute\" \/>\n<script type=\"application\/ld+json\" class=\"yoast-schema-graph\">{\"@context\":\"https:\/\/schema.org\",\"@graph\":[{\"@type\":\"WebPage\",\"@id\":\"https:\/\/aboutblu.com\/accessori-aboutblu\/\",\"url\":\"https:\/\/aboutblu.com\/accessori-aboutblu\/\",\"name\":\"Aboutblu Accessoires - AboutBlu\",\"isPartOf\":{\"@id\":\"https:\/\/aboutblu.com\/#website\"},\"primaryImageOfPage\":{\"@id\":\"https:\/\/aboutblu.com\/accessori-aboutblu\/#primaryimage\"},\"image\":{\"@id\":\"https:\/\/aboutblu.com\/accessori-aboutblu\/#primaryimage\"},\"thumbnailUrl\":\"https:\/\/aboutblu.com\/wp-content\/uploads\/AB_solette-07-364x1024.png\",\"datePublished\":\"2024-02-26T14:27:33+00:00\",\"dateModified\":\"2024-02-26T14:27:33+00:00\",\"breadcrumb\":{\"@id\":\"https:\/\/aboutblu.com\/accessori-aboutblu\/#breadcrumb\"},\"inLanguage\":\"de\",\"potentialAction\":[{\"@type\":\"ReadAction\",\"target\":[\"https:\/\/aboutblu.com\/accessori-aboutblu\/\"]}]},{\"@type\":\"ImageObject\",\"inLanguage\":\"de\",\"@id\":\"https:\/\/aboutblu.com\/accessori-aboutblu\/#primaryimage\",\"url\":\"https:\/\/aboutblu.com\/wp-content\/uploads\/AB_solette-07.png\",\"contentUrl\":\"https:\/\/aboutblu.com\/wp-content\/uploads\/AB_solette-07.png\",\"width\":650,\"height\":1831},{\"@type\":\"BreadcrumbList\",\"@id\":\"https:\/\/aboutblu.com\/accessori-aboutblu\/#breadcrumb\",\"itemListElement\":[{\"@type\":\"ListItem\",\"position\":1,\"name\":\"Home\",\"item\":\"https:\/\/aboutblu.com\/de\/\"},{\"@type\":\"ListItem\",\"position\":2,\"name\":\"Aboutblu Accessoires\"}]},{\"@type\":\"WebSite\",\"@id\":\"https:\/\/aboutblu.com\/#website\",\"url\":\"https:\/\/aboutblu.com\/\",\"name\":\"Aboutblu\",\"description\":\"\",\"publisher\":{\"@id\":\"https:\/\/aboutblu.com\/#organization\"},\"potentialAction\":[{\"@type\":\"SearchAction\",\"target\":{\"@type\":\"EntryPoint\",\"urlTemplate\":\"https:\/\/aboutblu.com\/?s={search_term_string}\"},\"query-input\":\"required name=search_term_string\"}],\"inLanguage\":\"de\"},{\"@type\":\"Organization\",\"@id\":\"https:\/\/aboutblu.com\/#organization\",\"name\":\"Aboutblu\",\"url\":\"https:\/\/aboutblu.com\/\",\"logo\":{\"@type\":\"ImageObject\",\"inLanguage\":\"de\",\"@id\":\"https:\/\/aboutblu.com\/#\/schema\/logo\/image\/\",\"url\":\"https:\/\/aboutblu.com\/wp-content\/uploads\/Aboutblu_Logo_v1-blue-safe-zone.png\",\"contentUrl\":\"https:\/\/aboutblu.com\/wp-content\/uploads\/Aboutblu_Logo_v1-blue-safe-zone.png\",\"width\":800,\"height\":826,\"caption\":\"Aboutblu\"},\"image\":{\"@id\":\"https:\/\/aboutblu.com\/#\/schema\/logo\/image\/\"},\"sameAs\":[\"https:\/\/www.facebook.com\/aboutblu\/\",\"https:\/\/www.instagram.com\/aboutblu_safetyshoes\/\",\"https:\/\/www.linkedin.com\/showcase\/aboutblu\/?viewAsMember=true\",\"https:\/\/www.youtube.com\/@aboutblusafetyshoes\"]}]}<\/script>\n<!-- \/ Yoast SEO plugin. -->","yoast_head_json":{"title":"Aboutblu Accessoires - AboutBlu","robots":{"index":"index","follow":"follow","max-snippet":"max-snippet:-1","max-image-preview":"max-image-preview:large","max-video-preview":"max-video-preview:-1"},"canonical":"https:\/\/aboutblu.com\/accessori-aboutblu\/","og_locale":"de_DE","og_type":"article","og_title":"Aboutblu Accessoires - AboutBlu","og_description":"Aboutblu Accessoires AC0SU108TECH SOFT\u00a0IN BLISTERErh\u00e4ltlich in allen Gr\u00f6\u00dfen AC0SU107PERFORMANCE IN BLISTERErh\u00e4ltlich in allen Gr\u00f6\u00dfen AC0SU1070SANI TECH\u00a0IN BLISTERErh\u00e4ltlich in allen Gr\u00f6\u00dfen AC0SU1080ECO SOFT\u00a0IN BLISTERErh\u00e4ltlich in allen Gr\u00f6\u00dfen ACOSU1097ECO INSOLE\u00a0 IN BLISTERErh\u00e4ltlich in allen Gr\u00f6\u00dfen AC0LA1002Schn\u00fcrsenkel CM 110: Schwarz \/ konf 10 paar AC0LA1003Schn\u00fcrsenkel CM 130: Schwarz \/ konf 10 paar AC0LAELA8000130KIT Schn\u00fcrsenkel LE MANS ACOATOP0075KIT ATOP [&hellip;]","og_url":"https:\/\/aboutblu.com\/accessori-aboutblu\/","og_site_name":"AboutBlu","article_publisher":"https:\/\/www.facebook.com\/aboutblu\/","og_image":[{"url":"https:\/\/aboutblu.com\/wp-content\/uploads\/AB_solette-07-364x1024.png"}],"twitter_card":"summary_large_image","twitter_misc":{"Gesch\u00e4tzte Lesezeit":"1\u00a0Minute"},"schema":{"@context":"https:\/\/schema.org","@graph":[{"@type":"WebPage","@id":"https:\/\/aboutblu.com\/accessori-aboutblu\/","url":"https:\/\/aboutblu.com\/accessori-aboutblu\/","name":"Aboutblu Accessoires - AboutBlu","isPartOf":{"@id":"https:\/\/aboutblu.com\/#website"},"primaryImageOfPage":{"@id":"https:\/\/aboutblu.com\/accessori-aboutblu\/#primaryimage"},"image":{"@id":"https:\/\/aboutblu.com\/accessori-aboutblu\/#primaryimage"},"thumbnailUrl":"https:\/\/aboutblu.com\/wp-content\/uploads\/AB_solette-07-364x1024.png","datePublished":"2024-02-26T14:27:33+00:00","dateModified":"2024-02-26T14:27:33+00:00","breadcrumb":{"@id":"https:\/\/aboutblu.com\/accessori-aboutblu\/#breadcrumb"},"inLanguage":"de","potentialAction":[{"@type":"ReadAction","target":["https:\/\/aboutblu.com\/accessori-aboutblu\/"]}]},{"@type":"ImageObject","inLanguage":"de","@id":"https:\/\/aboutblu.com\/accessori-aboutblu\/#primaryimage","url":"https:\/\/aboutblu.com\/wp-content\/uploads\/AB_solette-07.png","contentUrl":"https:\/\/aboutblu.com\/wp-content\/uploads\/AB_solette-07.png","width":650,"height":1831},{"@type":"BreadcrumbList","@id":"https:\/\/aboutblu.com\/accessori-aboutblu\/#breadcrumb","itemListElement":[{"@type":"ListItem","position":1,"name":"Home","item":"https:\/\/aboutblu.com\/de\/"},{"@type":"ListItem","position":2,"name":"Aboutblu Accessoires"}]},{"@type":"WebSite","@id":"https:\/\/aboutblu.com\/#website","url":"https:\/\/aboutblu.com\/","name":"Aboutblu","description":"","publisher":{"@id":"https:\/\/aboutblu.com\/#organization"},"potentialAction":[{"@type":"SearchAction","target":{"@type":"EntryPoint","urlTemplate":"https:\/\/aboutblu.com\/?s={search_term_string}"},"query-input":"required name=search_term_string"}],"inLanguage":"de"},{"@type":"Organization","@id":"https:\/\/aboutblu.com\/#organization","name":"Aboutblu","url":"https:\/\/aboutblu.com\/","logo":{"@type":"ImageObject","inLanguage":"de","@id":"https:\/\/aboutblu.com\/#\/schema\/logo\/image\/","url":"https:\/\/aboutblu.com\/wp-content\/uploads\/Aboutblu_Logo_v1-blue-safe-zone.png","contentUrl":"https:\/\/aboutblu.com\/wp-content\/uploads\/Aboutblu_Logo_v1-blue-safe-zone.png","width":800,"height":826,"caption":"Aboutblu"},"image":{"@id":"https:\/\/aboutblu.com\/#\/schema\/logo\/image\/"},"sameAs":["https:\/\/www.facebook.com\/aboutblu\/","https:\/\/www.instagram.com\/aboutblu_safetyshoes\/","https:\/\/www.linkedin.com\/showcase\/aboutblu\/?viewAsMember=true","https:\/\/www.youtube.com\/@aboutblusafetyshoes"]}]}},"_links":{"self":[{"href":"https:\/\/aboutblu.com\/de\/wp-json\/wp\/v2\/pages\/4328","targetHints":{"allow":["GET"]}}],"collection":[{"href":"https:\/\/aboutblu.com\/de\/wp-json\/wp\/v2\/pages"}],"about":[{"href":"https:\/\/aboutblu.com\/de\/wp-json\/wp\/v2\/types\/page"}],"author":[{"embeddable":true,"href":"https:\/\/aboutblu.com\/de\/wp-json\/wp\/v2\/users\/2"}],"replies":[{"embeddable":true,"href":"https:\/\/aboutblu.com\/de\/wp-json\/wp\/v2\/comments?post=4328"}],"version-history":[{"count":2,"href":"https:\/\/aboutblu.com\/de\/wp-json\/wp\/v2\/pages\/4328\/revisions"}],"predecessor-version":[{"id":4332,"href":"https:\/\/aboutblu.com\/de\/wp-json\/wp\/v2\/pages\/4328\/revisions\/4332"}],"wp:attachment":[{"href":"https:\/\/aboutblu.com\/de\/wp-json\/wp\/v2\/media?parent=4328"}],"curies":[{"name":"wp","href":"https:\/\/api.w.org\/{rel}","templated":true}]}}