{"id":4676,"date":"2024-02-20T10:02:01","date_gmt":"2024-02-20T09:02:01","guid":{"rendered":"https:\/\/aboutblu.com\/aboutblu-anatomic-sole-2\/"},"modified":"2024-02-22T12:33:36","modified_gmt":"2024-02-22T11:33:36","slug":"aboutblu-anatomic-sole-2","status":"publish","type":"page","link":"https:\/\/aboutblu.com\/de\/aboutblu-anatomic-sole-2\/","title":{"rendered":"Aboutblu Anatomic Sole"},"content":{"rendered":"\n<div style=\"height:100px\" aria-hidden=\"true\" class=\"wp-block-spacer\"><\/div>\n\n\n\n<div class=\"relative max-w-7xl px-8 mx-auto flex lg:min-h-[350px] xl:min-h-[500px] ab-home-section-block\">\n\n    <div class=\"relative w-[26rem] overflow-hidden md:overflow-visible mx-auto md:w-full flex flex-col md:flex-row ab-sec-sx\" data-aos=\"ab-home-section\">\n\n        <div class=\"ab-shade relative flex flex-col gap-7 md:gap-8 justify-between px-8 pt-8 md:pb-16 md:w-[70%] lg:w-3\/5 xl:w-1\/2 lg:p-12 mx:px-20 md:overflow-hidden bg-aqua md:bg-transparent  z-10\">\n            <svg class=\"hidden md:block absolute h-auto w-full top-0 text-aqua left-0\" viewBox=\"0 0 680 680\" xmlns=\"http:\/\/www.w3.org\/2000\/svg\">\n                <path class=\"origin-center rotate-90 md:rotate-0\" d=\"M 0 0 L 680 0 L 352.918 680 L 0 680 L 0 0 Z\" style=\"fill: currentColor;\"><\/path>\n            <\/svg>\n            <svg class=\"md:hidden absolute w-full h-auto bottom-0 left-0 scale-[1.02] translate-y-full text-aqua \" viewBox=\"0 0 570 274\" xmlns=\"http:\/\/www.w3.org\/2000\/svg\">\n                <path d=\"M 0 0 L 570 0 L 0 274.007 L 0 0 Z\" style=\"fill: currentColor;\"><\/path>\n            <\/svg>\n            <div class=\"relative max-w-lg \">\n                <h2 class=\"titolone uppercase mb-5 lg:mb-8 text-lime\">DIE ENTWICKLUNG DER FORM<\/h2>\n                <div class=\"testo md:pr-28 lg:pr-28 text-white\">Das Design des Aboutblu anatomische Form ist das Ergebnis jahrelanger Studien: Es f\u00f6rdert eine gleichm\u00e4\u00dfige Verteilung des K\u00f6rpergewichts, indem es die Belastung auf bestimmte Bereiche des Fu\u00dfes reduziert und Muskel-Skelett-Probleme wie Schmerzen im unteren R\u00fccken, Gelenkschmerzen und haltungsbedingte Verletzungen verhindert.<\/div>\n            <\/div>\n            \n                    <\/div>\n\n                                <img loading=\"lazy\" decoding=\"async\" width=\"1024\" height=\"729\" src=\"https:\/\/aboutblu.com\/wp-content\/uploads\/Ab_Formula_Navy3-copia-1-1024x729.jpg\" class=\"right-0 lg:[clip-path:polygon(45%_0,_100%_0,_100%_100%,_19%_100%)] xl:[clip-path:polygon(31%_0,_100%_0,_100%_100%,_4%_100%)] hidden md:block absolute md:w-[73%] max-w-full w-full top-0 h-full object-center object-cover ab-image\" alt=\"\" srcset=\"https:\/\/aboutblu.com\/wp-content\/uploads\/Ab_Formula_Navy3-copia-1-1024x729.jpg 1024w, https:\/\/aboutblu.com\/wp-content\/uploads\/Ab_Formula_Navy3-copia-1-300x214.jpg 300w, https:\/\/aboutblu.com\/wp-content\/uploads\/Ab_Formula_Navy3-copia-1-768x547.jpg 768w, https:\/\/aboutblu.com\/wp-content\/uploads\/Ab_Formula_Navy3-copia-1-1536x1094.jpg 1536w, https:\/\/aboutblu.com\/wp-content\/uploads\/Ab_Formula_Navy3-copia-1-2048x1459.jpg 2048w\" sizes=\"auto, (max-width: 1024px) 100vw, 1024px\" \/>        \n                    <img loading=\"lazy\" decoding=\"async\" width=\"900\" height=\"1024\" src=\"https:\/\/aboutblu.com\/wp-content\/uploads\/Ab_Formula_Navy3-copia-mobile-900x1024.jpg\" class=\"md:hidden max-w-full w-full ab-image\" alt=\"\" srcset=\"https:\/\/aboutblu.com\/wp-content\/uploads\/Ab_Formula_Navy3-copia-mobile-900x1024.jpg 900w, https:\/\/aboutblu.com\/wp-content\/uploads\/Ab_Formula_Navy3-copia-mobile-264x300.jpg 264w, https:\/\/aboutblu.com\/wp-content\/uploads\/Ab_Formula_Navy3-copia-mobile-768x874.jpg 768w, https:\/\/aboutblu.com\/wp-content\/uploads\/Ab_Formula_Navy3-copia-mobile-1349x1536.jpg 1349w, https:\/\/aboutblu.com\/wp-content\/uploads\/Ab_Formula_Navy3-copia-mobile.jpg 1800w\" sizes=\"auto, (max-width: 900px) 100vw, 900px\" \/>            <\/div>\n\n\n<\/div>\n\n\n<div style=\"height:100px\" aria-hidden=\"true\" class=\"wp-block-spacer\"><\/div>\n\n\n\n<div class=\"wp-block-columns is-layout-flex wp-container-core-columns-is-layout-9d6595d7 wp-block-columns-is-layout-flex\">\n<div class=\"wp-block-column is-layout-flow wp-block-column-is-layout-flow\" style=\"flex-basis:33.33%\">\n<h1 class=\"wp-block-heading has-text-align-left has-text-color has-link-color wp-elements-9765a33f2eb196999351c813968ca785\" style=\"color:#ced720;text-transform:uppercase\">UNVER\u00c4NDERL<br>CHER KOMFORT<\/h1>\n<\/div>\n\n\n\n<div class=\"wp-block-column is-layout-flow wp-block-column-is-layout-flow\" style=\"flex-basis:66.66%\">\n<p>Herk\u00f6mmliche Schuhe neigen aufgrund ihrer einheitlichen und standardisierten Struktur dazu, Einlegesohlen oder Einlagen zu ben\u00f6tigen, die sich allm\u00e4hlich und schnell abnutzen. Diese Eigenschaft kann zu sch\u00e4dlichen Ungleichgewichten beitragen, die den Komfort des Arbeiters beeintr\u00e4chtigen. Die <strong>anatomische Form von Aboutblu<\/strong> hingegen ist unver\u00e4nderlich, da sie eingespritzt wird, und h\u00e4lt f\u00fcr die gesamte Lebensdauer des Schuhs: Die Form ist unver\u00e4nderlich und ihre Vorteile ebenso.<\/p>\n<\/div>\n<\/div>\n\n\n\n<div style=\"height:100px\" aria-hidden=\"true\" class=\"wp-block-spacer\"><\/div>\n\n\n\n<div class=\"wp-block-columns is-layout-flex wp-container-core-columns-is-layout-9d6595d7 wp-block-columns-is-layout-flex\">\n<div class=\"wp-block-column is-layout-flow wp-block-column-is-layout-flow\" style=\"flex-basis:33.33%\">\n<h1 class=\"wp-block-heading has-text-align-left has-text-color has-link-color wp-elements-0dc0c325ecebee03f25014afbe9c29a2\" style=\"color:#498bca;text-transform:uppercase\">EIN EINZIGARTIGES WOHLBEFINDEN<\/h1>\n<\/div>\n\n\n\n<div class=\"wp-block-column is-layout-flow wp-block-column-is-layout-flow\" style=\"flex-basis:66.66%\">\n<p>Der menschliche Fu\u00df ist keine feste, gleichf\u00f6rmige Struktur. Er hat eine komplexe Form mit Fu\u00dfgew\u00f6lben, Gelenken und Muskeln, die zusammenarbeiten, um Halt, Gleichgewicht und Mobilit\u00e4t zu gew\u00e4hrleisten. Die anatomische Form von Aboutblu unterscheidet sich von anderen auf dem Markt erh\u00e4ltlichen Produkten, weil sie diese Komplexit\u00e4t respektiert, indem sie den Fu\u00df gezielt unterst\u00fctzt.<\/p>\n<\/div>\n<\/div>\n\n\n\n<div style=\"height:100px\" aria-hidden=\"true\" class=\"wp-block-spacer\"><\/div>\n\n\n<div class=\"wp-block-image\">\n<figure class=\"aligncenter size-large is-resized\"><img loading=\"lazy\" decoding=\"async\" width=\"1024\" height=\"505\" src=\"https:\/\/aboutblu.com\/wp-content\/uploads\/anatomic-sole-landing-1024x505.png\" alt=\"\" class=\"wp-image-4608\" style=\"width:862px;height:auto\" srcset=\"https:\/\/aboutblu.com\/wp-content\/uploads\/anatomic-sole-landing-1024x505.png 1024w, https:\/\/aboutblu.com\/wp-content\/uploads\/anatomic-sole-landing-300x148.png 300w, https:\/\/aboutblu.com\/wp-content\/uploads\/anatomic-sole-landing-768x379.png 768w, https:\/\/aboutblu.com\/wp-content\/uploads\/anatomic-sole-landing-1536x758.png 1536w, https:\/\/aboutblu.com\/wp-content\/uploads\/anatomic-sole-landing-2048x1011.png 2048w\" sizes=\"auto, (max-width: 1024px) 100vw, 1024px\" \/><\/figure>\n<\/div>\n\n\n<div style=\"height:100px\" aria-hidden=\"true\" class=\"wp-block-spacer\"><\/div>\n\n\n\n<div class=\"wp-block-columns is-layout-flex wp-container-core-columns-is-layout-9d6595d7 wp-block-columns-is-layout-flex\">\n<div class=\"wp-block-column is-vertically-aligned-center is-layout-flow wp-block-column-is-layout-flow\">\n<h2 class=\"wp-block-heading has-text-color has-link-color wp-elements-51583cfbae32b3088272aa6d81daf3f9\" style=\"color:#1b5eaa\">WOHLBEFINDEN F\u00dcR ALLE<\/h2>\n\n\n\n<p>Besonderes Sorgfalt wurde auf die Entwicklung einer idealen anatomischen Form gelegt: Die Morphologie der Oberfl\u00e4che, die mit dem Fu\u00df in Kontakt kommt, ist tats\u00e4chlich gerade ausreichend, um den F\u00fc\u00dfen der meisten Menschen gerecht zu werden.<\/p>\n<\/div>\n\n\n\n<div class=\"wp-block-column is-vertically-aligned-center is-layout-flow wp-block-column-is-layout-flow\">\n<h2 class=\"wp-block-heading has-text-align-left has-text-color has-link-color wp-elements-60268e70280343a6bf1cfcc6819af10a\" style=\"color:#1b5eaa;text-transform:uppercase\">EIN SCHRITT VORW\u00c4RTS<\/h2>\n\n\n\n<p>Zusammenfassend stellt die anatomische Form der Aboutblu-Schuhe einen Fortschritt dar, da sie die Komplexit\u00e4t der Struktur des menschlichen Fu\u00dfes erkennt und sich an sie anpasst und so optimalen Komfort, Haltungsunterst\u00fctzung und Schutz bietet.<\/p>\n<\/div>\n<\/div>\n\n\n\n<div style=\"height:100px\" aria-hidden=\"true\" class=\"wp-block-spacer\"><\/div>\n\n\n\n<div class=\"wp-block-cover\"><span aria-hidden=\"true\" class=\"wp-block-cover__background has-background-dim\"><\/span><img loading=\"lazy\" decoding=\"async\" width=\"2560\" height=\"1824\" class=\"wp-block-cover__image-background wp-image-4572\" alt=\"\" src=\"https:\/\/aboutblu.com\/wp-content\/uploads\/Ab_Formula_Navy3-copia-1-scaled.jpg\" data-object-fit=\"cover\" srcset=\"https:\/\/aboutblu.com\/wp-content\/uploads\/Ab_Formula_Navy3-copia-1-scaled.jpg 2560w, https:\/\/aboutblu.com\/wp-content\/uploads\/Ab_Formula_Navy3-copia-1-300x214.jpg 300w, https:\/\/aboutblu.com\/wp-content\/uploads\/Ab_Formula_Navy3-copia-1-1024x729.jpg 1024w, https:\/\/aboutblu.com\/wp-content\/uploads\/Ab_Formula_Navy3-copia-1-768x547.jpg 768w, https:\/\/aboutblu.com\/wp-content\/uploads\/Ab_Formula_Navy3-copia-1-1536x1094.jpg 1536w, https:\/\/aboutblu.com\/wp-content\/uploads\/Ab_Formula_Navy3-copia-1-2048x1459.jpg 2048w\" sizes=\"auto, (max-width: 2560px) 100vw, 2560px\" \/><div class=\"wp-block-cover__inner-container is-layout-constrained wp-block-cover-is-layout-constrained\">\n<h2 class=\"wp-block-heading has-text-align-center\">PROGETTO POSTURA<br>f\u00fcr ABOUTBLU<\/h2>\n\n\n\n<p class=\"has-text-align-center has-small-font-size\">Lesen Sie, wie die Umfrage von Project Posture bei einem Unternehmen des Automobilsektors dazu f\u00fchrte,<br>dass dieses sich f\u00fcr Aboublu-Schuhe entschied und wie die Ergebnisse der anschlie\u00dfenden Tests ihre Eignung best\u00e4tigten.<\/p>\n\n\n\n<div style=\"height:21px\" aria-hidden=\"true\" class=\"wp-block-spacer\"><\/div>\n\n\n\n<div class=\"wp-block-buttons is-content-justification-center is-layout-flex wp-container-core-buttons-is-layout-16018d1d wp-block-buttons-is-layout-flex\">\n<div class=\"wp-block-button is-style-outline is-style-outline--1\"><a class=\"wp-block-button__link has-text-color has-link-color wp-element-button\" href=\"https:\/\/progettopostura.aboutblu.com\/\" style=\"border-radius:0px;color:#ced720\" target=\"_blank\" rel=\"noreferrer noopener\">PROGETTO POSTURA ENTDECKEN<\/a><\/div>\n<\/div>\n<\/div><\/div>\n","protected":false},"excerpt":{"rendered":"<p>UNVER\u00c4NDERLCHER KOMFORT Herk\u00f6mmliche Schuhe neigen aufgrund ihrer einheitlichen und standardisierten Struktur dazu, Einlegesohlen oder Einlagen zu ben\u00f6tigen, die sich allm\u00e4hlich und schnell abnutzen. Diese Eigenschaft kann zu sch\u00e4dlichen Ungleichgewichten beitragen, die den Komfort des Arbeiters beeintr\u00e4chtigen. Die anatomische Form von Aboutblu hingegen ist unver\u00e4nderlich, da sie eingespritzt wird, und h\u00e4lt f\u00fcr die gesamte Lebensdauer des [&hellip;]<\/p>\n","protected":false},"author":2,"featured_media":0,"parent":0,"menu_order":0,"comment_status":"closed","ping_status":"closed","template":"","meta":{"footnotes":""},"class_list":["post-4676","page","type-page","status-publish","hentry"],"acf":[],"yoast_head":"<!-- This site is optimized with the Yoast SEO plugin v22.2 - https:\/\/yoast.com\/wordpress\/plugins\/seo\/ -->\n<title>Aboutblu Anatomic Sole - AboutBlu<\/title>\n<meta name=\"robots\" content=\"index, follow, max-snippet:-1, max-image-preview:large, max-video-preview:-1\" \/>\n<link rel=\"canonical\" href=\"https:\/\/aboutblu.com\/forma-anatomica\/\" \/>\n<meta property=\"og:locale\" content=\"de_DE\" \/>\n<meta property=\"og:type\" content=\"article\" \/>\n<meta property=\"og:title\" content=\"Aboutblu Anatomic Sole - AboutBlu\" \/>\n<meta property=\"og:description\" content=\"UNVER\u00c4NDERLCHER KOMFORT Herk\u00f6mmliche Schuhe neigen aufgrund ihrer einheitlichen und standardisierten Struktur dazu, Einlegesohlen oder Einlagen zu ben\u00f6tigen, die sich allm\u00e4hlich und schnell abnutzen. Diese Eigenschaft kann zu sch\u00e4dlichen Ungleichgewichten beitragen, die den Komfort des Arbeiters beeintr\u00e4chtigen. Die anatomische Form von Aboutblu hingegen ist unver\u00e4nderlich, da sie eingespritzt wird, und h\u00e4lt f\u00fcr die gesamte Lebensdauer des [&hellip;]\" \/>\n<meta property=\"og:url\" content=\"https:\/\/aboutblu.com\/forma-anatomica\/\" \/>\n<meta property=\"og:site_name\" content=\"AboutBlu\" \/>\n<meta property=\"article:publisher\" content=\"https:\/\/www.facebook.com\/aboutblu\/\" \/>\n<meta property=\"article:modified_time\" content=\"2024-02-22T11:33:36+00:00\" \/>\n<meta property=\"og:image\" content=\"https:\/\/aboutblu.com\/wp-content\/uploads\/anatomic-sole-landing-1024x505.png\" \/>\n<meta name=\"twitter:card\" content=\"summary_large_image\" \/>\n<meta name=\"twitter:label1\" content=\"Gesch\u00e4tzte Lesezeit\" \/>\n\t<meta name=\"twitter:data1\" content=\"1\u00a0Minute\" \/>\n<script type=\"application\/ld+json\" class=\"yoast-schema-graph\">{\"@context\":\"https:\/\/schema.org\",\"@graph\":[{\"@type\":\"WebPage\",\"@id\":\"https:\/\/aboutblu.com\/forma-anatomica\/\",\"url\":\"https:\/\/aboutblu.com\/forma-anatomica\/\",\"name\":\"Aboutblu Anatomic Sole - AboutBlu\",\"isPartOf\":{\"@id\":\"https:\/\/aboutblu.com\/#website\"},\"primaryImageOfPage\":{\"@id\":\"https:\/\/aboutblu.com\/forma-anatomica\/#primaryimage\"},\"image\":{\"@id\":\"https:\/\/aboutblu.com\/forma-anatomica\/#primaryimage\"},\"thumbnailUrl\":\"https:\/\/aboutblu.com\/wp-content\/uploads\/anatomic-sole-landing-1024x505.png\",\"datePublished\":\"2024-02-20T09:02:01+00:00\",\"dateModified\":\"2024-02-22T11:33:36+00:00\",\"breadcrumb\":{\"@id\":\"https:\/\/aboutblu.com\/forma-anatomica\/#breadcrumb\"},\"inLanguage\":\"de\",\"potentialAction\":[{\"@type\":\"ReadAction\",\"target\":[\"https:\/\/aboutblu.com\/forma-anatomica\/\"]}]},{\"@type\":\"ImageObject\",\"inLanguage\":\"de\",\"@id\":\"https:\/\/aboutblu.com\/forma-anatomica\/#primaryimage\",\"url\":\"https:\/\/aboutblu.com\/wp-content\/uploads\/anatomic-sole-landing.png\",\"contentUrl\":\"https:\/\/aboutblu.com\/wp-content\/uploads\/anatomic-sole-landing.png\",\"width\":6657,\"height\":3286},{\"@type\":\"BreadcrumbList\",\"@id\":\"https:\/\/aboutblu.com\/forma-anatomica\/#breadcrumb\",\"itemListElement\":[{\"@type\":\"ListItem\",\"position\":1,\"name\":\"Home\",\"item\":\"https:\/\/aboutblu.com\/de\/\"},{\"@type\":\"ListItem\",\"position\":2,\"name\":\"Aboutblu Anatomic Sole\"}]},{\"@type\":\"WebSite\",\"@id\":\"https:\/\/aboutblu.com\/#website\",\"url\":\"https:\/\/aboutblu.com\/\",\"name\":\"Aboutblu\",\"description\":\"\",\"publisher\":{\"@id\":\"https:\/\/aboutblu.com\/#organization\"},\"potentialAction\":[{\"@type\":\"SearchAction\",\"target\":{\"@type\":\"EntryPoint\",\"urlTemplate\":\"https:\/\/aboutblu.com\/?s={search_term_string}\"},\"query-input\":\"required name=search_term_string\"}],\"inLanguage\":\"de\"},{\"@type\":\"Organization\",\"@id\":\"https:\/\/aboutblu.com\/#organization\",\"name\":\"Aboutblu\",\"url\":\"https:\/\/aboutblu.com\/\",\"logo\":{\"@type\":\"ImageObject\",\"inLanguage\":\"de\",\"@id\":\"https:\/\/aboutblu.com\/#\/schema\/logo\/image\/\",\"url\":\"https:\/\/aboutblu.com\/wp-content\/uploads\/Aboutblu_Logo_v1-blue-safe-zone.png\",\"contentUrl\":\"https:\/\/aboutblu.com\/wp-content\/uploads\/Aboutblu_Logo_v1-blue-safe-zone.png\",\"width\":800,\"height\":826,\"caption\":\"Aboutblu\"},\"image\":{\"@id\":\"https:\/\/aboutblu.com\/#\/schema\/logo\/image\/\"},\"sameAs\":[\"https:\/\/www.facebook.com\/aboutblu\/\",\"https:\/\/www.instagram.com\/aboutblu_safetyshoes\/\",\"https:\/\/www.linkedin.com\/showcase\/aboutblu\/?viewAsMember=true\",\"https:\/\/www.youtube.com\/@aboutblusafetyshoes\"]}]}<\/script>\n<!-- \/ Yoast SEO plugin. -->","yoast_head_json":{"title":"Aboutblu Anatomic Sole - AboutBlu","robots":{"index":"index","follow":"follow","max-snippet":"max-snippet:-1","max-image-preview":"max-image-preview:large","max-video-preview":"max-video-preview:-1"},"canonical":"https:\/\/aboutblu.com\/forma-anatomica\/","og_locale":"de_DE","og_type":"article","og_title":"Aboutblu Anatomic Sole - AboutBlu","og_description":"UNVER\u00c4NDERLCHER KOMFORT Herk\u00f6mmliche Schuhe neigen aufgrund ihrer einheitlichen und standardisierten Struktur dazu, Einlegesohlen oder Einlagen zu ben\u00f6tigen, die sich allm\u00e4hlich und schnell abnutzen. Diese Eigenschaft kann zu sch\u00e4dlichen Ungleichgewichten beitragen, die den Komfort des Arbeiters beeintr\u00e4chtigen. Die anatomische Form von Aboutblu hingegen ist unver\u00e4nderlich, da sie eingespritzt wird, und h\u00e4lt f\u00fcr die gesamte Lebensdauer des [&hellip;]","og_url":"https:\/\/aboutblu.com\/forma-anatomica\/","og_site_name":"AboutBlu","article_publisher":"https:\/\/www.facebook.com\/aboutblu\/","article_modified_time":"2024-02-22T11:33:36+00:00","og_image":[{"url":"https:\/\/aboutblu.com\/wp-content\/uploads\/anatomic-sole-landing-1024x505.png"}],"twitter_card":"summary_large_image","twitter_misc":{"Gesch\u00e4tzte Lesezeit":"1\u00a0Minute"},"schema":{"@context":"https:\/\/schema.org","@graph":[{"@type":"WebPage","@id":"https:\/\/aboutblu.com\/forma-anatomica\/","url":"https:\/\/aboutblu.com\/forma-anatomica\/","name":"Aboutblu Anatomic Sole - AboutBlu","isPartOf":{"@id":"https:\/\/aboutblu.com\/#website"},"primaryImageOfPage":{"@id":"https:\/\/aboutblu.com\/forma-anatomica\/#primaryimage"},"image":{"@id":"https:\/\/aboutblu.com\/forma-anatomica\/#primaryimage"},"thumbnailUrl":"https:\/\/aboutblu.com\/wp-content\/uploads\/anatomic-sole-landing-1024x505.png","datePublished":"2024-02-20T09:02:01+00:00","dateModified":"2024-02-22T11:33:36+00:00","breadcrumb":{"@id":"https:\/\/aboutblu.com\/forma-anatomica\/#breadcrumb"},"inLanguage":"de","potentialAction":[{"@type":"ReadAction","target":["https:\/\/aboutblu.com\/forma-anatomica\/"]}]},{"@type":"ImageObject","inLanguage":"de","@id":"https:\/\/aboutblu.com\/forma-anatomica\/#primaryimage","url":"https:\/\/aboutblu.com\/wp-content\/uploads\/anatomic-sole-landing.png","contentUrl":"https:\/\/aboutblu.com\/wp-content\/uploads\/anatomic-sole-landing.png","width":6657,"height":3286},{"@type":"BreadcrumbList","@id":"https:\/\/aboutblu.com\/forma-anatomica\/#breadcrumb","itemListElement":[{"@type":"ListItem","position":1,"name":"Home","item":"https:\/\/aboutblu.com\/de\/"},{"@type":"ListItem","position":2,"name":"Aboutblu Anatomic Sole"}]},{"@type":"WebSite","@id":"https:\/\/aboutblu.com\/#website","url":"https:\/\/aboutblu.com\/","name":"Aboutblu","description":"","publisher":{"@id":"https:\/\/aboutblu.com\/#organization"},"potentialAction":[{"@type":"SearchAction","target":{"@type":"EntryPoint","urlTemplate":"https:\/\/aboutblu.com\/?s={search_term_string}"},"query-input":"required name=search_term_string"}],"inLanguage":"de"},{"@type":"Organization","@id":"https:\/\/aboutblu.com\/#organization","name":"Aboutblu","url":"https:\/\/aboutblu.com\/","logo":{"@type":"ImageObject","inLanguage":"de","@id":"https:\/\/aboutblu.com\/#\/schema\/logo\/image\/","url":"https:\/\/aboutblu.com\/wp-content\/uploads\/Aboutblu_Logo_v1-blue-safe-zone.png","contentUrl":"https:\/\/aboutblu.com\/wp-content\/uploads\/Aboutblu_Logo_v1-blue-safe-zone.png","width":800,"height":826,"caption":"Aboutblu"},"image":{"@id":"https:\/\/aboutblu.com\/#\/schema\/logo\/image\/"},"sameAs":["https:\/\/www.facebook.com\/aboutblu\/","https:\/\/www.instagram.com\/aboutblu_safetyshoes\/","https:\/\/www.linkedin.com\/showcase\/aboutblu\/?viewAsMember=true","https:\/\/www.youtube.com\/@aboutblusafetyshoes"]}]}},"_links":{"self":[{"href":"https:\/\/aboutblu.com\/de\/wp-json\/wp\/v2\/pages\/4676","targetHints":{"allow":["GET"]}}],"collection":[{"href":"https:\/\/aboutblu.com\/de\/wp-json\/wp\/v2\/pages"}],"about":[{"href":"https:\/\/aboutblu.com\/de\/wp-json\/wp\/v2\/types\/page"}],"author":[{"embeddable":true,"href":"https:\/\/aboutblu.com\/de\/wp-json\/wp\/v2\/users\/2"}],"replies":[{"embeddable":true,"href":"https:\/\/aboutblu.com\/de\/wp-json\/wp\/v2\/comments?post=4676"}],"version-history":[{"count":4,"href":"https:\/\/aboutblu.com\/de\/wp-json\/wp\/v2\/pages\/4676\/revisions"}],"predecessor-version":[{"id":4682,"href":"https:\/\/aboutblu.com\/de\/wp-json\/wp\/v2\/pages\/4676\/revisions\/4682"}],"wp:attachment":[{"href":"https:\/\/aboutblu.com\/de\/wp-json\/wp\/v2\/media?parent=4676"}],"curies":[{"name":"wp","href":"https:\/\/api.w.org\/{rel}","templated":true}]}}