{"id":4662,"date":"2024-02-20T10:02:01","date_gmt":"2024-02-20T09:02:01","guid":{"rendered":"https:\/\/aboutblu.com\/aboutblu-anatomic-sole\/"},"modified":"2024-02-22T12:37:03","modified_gmt":"2024-02-22T11:37:03","slug":"aboutblu-anatomic-sole","status":"publish","type":"page","link":"https:\/\/aboutblu.com\/fr\/aboutblu-anatomic-sole\/","title":{"rendered":"Aboutblu Anatomic Sole"},"content":{"rendered":"\n<div style=\"height:100px\" aria-hidden=\"true\" class=\"wp-block-spacer\"><\/div>\n\n\n\n<div class=\"relative max-w-7xl px-8 mx-auto flex lg:min-h-[350px] xl:min-h-[500px] ab-home-section-block\">\n\n    <div class=\"relative w-[26rem] overflow-hidden md:overflow-visible mx-auto md:w-full flex flex-col md:flex-row ab-sec-sx\" data-aos=\"ab-home-section\">\n\n        <div class=\"ab-shade relative flex flex-col gap-7 md:gap-8 justify-between px-8 pt-8 md:pb-16 md:w-[70%] lg:w-3\/5 xl:w-1\/2 lg:p-12 mx:px-20 md:overflow-hidden bg-aqua md:bg-transparent  z-10\">\n            <svg class=\"hidden md:block absolute h-auto w-full top-0 text-aqua left-0\" viewBox=\"0 0 680 680\" xmlns=\"http:\/\/www.w3.org\/2000\/svg\">\n                <path class=\"origin-center rotate-90 md:rotate-0\" d=\"M 0 0 L 680 0 L 352.918 680 L 0 680 L 0 0 Z\" style=\"fill: currentColor;\"><\/path>\n            <\/svg>\n            <svg class=\"md:hidden absolute w-full h-auto bottom-0 left-0 scale-[1.02] translate-y-full text-aqua \" viewBox=\"0 0 570 274\" xmlns=\"http:\/\/www.w3.org\/2000\/svg\">\n                <path d=\"M 0 0 L 570 0 L 0 274.007 L 0 0 Z\" style=\"fill: currentColor;\"><\/path>\n            <\/svg>\n            <div class=\"relative max-w-lg \">\n                <h2 class=\"titolone uppercase mb-5 lg:mb-8 text-lime\">L&rsquo;\u00c9VOLUTION DE LA FORME<\/h2>\n                <div class=\"testo md:pr-28 lg:pr-28 text-white\">La conception de la forme anatomique de Aboutblu est le r\u00e9sultat d&rsquo;ann\u00e9es d&rsquo;\u00e9tudes : elle favorise une r\u00e9partition uniforme du poids corporel, r\u00e9duisant le stress sur certaines zones du pied et pr\u00e9venant les probl\u00e8mes musculo-squelettiques tels que les lombalgies, les douleurs articulaires et les blessures li\u00e9es \u00e0 la posture.<\/div>\n            <\/div>\n            \n                    <\/div>\n\n                                <img loading=\"lazy\" decoding=\"async\" width=\"1024\" height=\"729\" src=\"https:\/\/aboutblu.com\/wp-content\/uploads\/Ab_Formula_Navy3-copia-1-1024x729.jpg\" class=\"right-0 lg:[clip-path:polygon(45%_0,_100%_0,_100%_100%,_19%_100%)] xl:[clip-path:polygon(31%_0,_100%_0,_100%_100%,_4%_100%)] hidden md:block absolute md:w-[73%] max-w-full w-full top-0 h-full object-center object-cover ab-image\" alt=\"\" srcset=\"https:\/\/aboutblu.com\/wp-content\/uploads\/Ab_Formula_Navy3-copia-1-1024x729.jpg 1024w, https:\/\/aboutblu.com\/wp-content\/uploads\/Ab_Formula_Navy3-copia-1-300x214.jpg 300w, https:\/\/aboutblu.com\/wp-content\/uploads\/Ab_Formula_Navy3-copia-1-768x547.jpg 768w, https:\/\/aboutblu.com\/wp-content\/uploads\/Ab_Formula_Navy3-copia-1-1536x1094.jpg 1536w, https:\/\/aboutblu.com\/wp-content\/uploads\/Ab_Formula_Navy3-copia-1-2048x1459.jpg 2048w\" sizes=\"auto, (max-width: 1024px) 100vw, 1024px\" \/>        \n                    <img loading=\"lazy\" decoding=\"async\" width=\"900\" height=\"1024\" src=\"https:\/\/aboutblu.com\/wp-content\/uploads\/Ab_Formula_Navy3-copia-mobile-900x1024.jpg\" class=\"md:hidden max-w-full w-full ab-image\" alt=\"\" srcset=\"https:\/\/aboutblu.com\/wp-content\/uploads\/Ab_Formula_Navy3-copia-mobile-900x1024.jpg 900w, https:\/\/aboutblu.com\/wp-content\/uploads\/Ab_Formula_Navy3-copia-mobile-264x300.jpg 264w, https:\/\/aboutblu.com\/wp-content\/uploads\/Ab_Formula_Navy3-copia-mobile-768x874.jpg 768w, https:\/\/aboutblu.com\/wp-content\/uploads\/Ab_Formula_Navy3-copia-mobile-1349x1536.jpg 1349w, https:\/\/aboutblu.com\/wp-content\/uploads\/Ab_Formula_Navy3-copia-mobile.jpg 1800w\" sizes=\"auto, (max-width: 900px) 100vw, 900px\" \/>            <\/div>\n\n\n<\/div>\n\n\n<div style=\"height:100px\" aria-hidden=\"true\" class=\"wp-block-spacer\"><\/div>\n\n\n\n<div class=\"wp-block-columns is-layout-flex wp-container-core-columns-is-layout-9d6595d7 wp-block-columns-is-layout-flex\">\n<div class=\"wp-block-column is-layout-flow wp-block-column-is-layout-flow\" style=\"flex-basis:33.33%\">\n<h1 class=\"wp-block-heading has-text-align-left has-text-color has-link-color wp-elements-e1e9003869ce008396a910606b4618d9\" style=\"color:#ced720;text-transform:uppercase\"><div class=\"page\" title=\"Page 2\">\r\n<div class=\"layoutArea\">\r\n<div class=\"column\">\r\n\r\nCONFORT INALTE\u0301RABLE\r\n\r\n<\/div>\r\n<\/div>\r\n<\/div><\/h1>\n<\/div>\n\n\n\n<div class=\"wp-block-column is-layout-flow wp-block-column-is-layout-flow\" style=\"flex-basis:66.66%\">\n<p><div class=\"page\" title=\"Page 2\">&#13;\n<div class=\"layoutArea\">&#13;\n<div class=\"column\">&#13;\n&#13;\nLes chaussures traditionnelles, en raison de leur structure uniforme et standardise\u0301e, ont tendance a\u0300 ne\u0301cessiter des semelles inte\u0301rieures ou des plantaires qui se de\u0301te\u0301riorent progressivement et rapidement. Cette caracte\u0301ristique peut contribuer a\u0300 des de\u0301se\u0301quilibres ne\u0301fastes au de\u0301triment du confort des travailleurs. La <strong>Forme Anatomique Aboutblu<\/strong>, quant a\u0300 elle, est <strong>inalte\u0301rable<\/strong> car injecte\u0301e, et dure toute la dure\u0301e de vie de la chaussure : la forme est inalte\u0301rable et <strong>ses avantages aussi<\/strong>.&#13;\n&#13;\n<\/div>&#13;\n<\/div>&#13;\n<\/div><\/p>\n<\/div>\n<\/div>\n\n\n\n<div style=\"height:100px\" aria-hidden=\"true\" class=\"wp-block-spacer\"><\/div>\n\n\n\n<div class=\"wp-block-columns is-layout-flex wp-container-core-columns-is-layout-9d6595d7 wp-block-columns-is-layout-flex\">\n<div class=\"wp-block-column is-layout-flow wp-block-column-is-layout-flow\" style=\"flex-basis:33.33%\">\n<h1 class=\"wp-block-heading has-text-align-left has-text-color has-link-color wp-elements-4333e31e15b330b309f1907ec36bfdff\" style=\"color:#498bca;text-transform:uppercase\">UN BIEN-\u00caTRE UNIQUE<\/h1>\n<\/div>\n\n\n\n<div class=\"wp-block-column is-layout-flow wp-block-column-is-layout-flow\" style=\"flex-basis:66.66%\">\n<p><div class=\"page\" title=\"Page 2\">&#13;\n<div class=\"layoutArea\">&#13;\n<div class=\"column\">&#13;\n&#13;\nLe pied humain n\u2019est pas une structure rigide et uniforme. Il a une forme complexe avec des arches, des articulations et des muscles qui travaillent ensemble pour offrir soutien, e\u0301quilibre et mobilite\u0301. La forme anatomique Aboutblu se distingue des autres sur le marche\u0301 car elle respecte cette complexite\u0301 en offrant un <strong>soutien cible\u0301<\/strong> aux zones me\u0301tatarsiennes et du talon afin de re\u0301duire la pression sur les points critiques et permettre une <strong>bonne mobilite\u0301<\/strong>.&#13;\n&#13;\n<\/div>&#13;\n<\/div>&#13;\n<\/div><\/p>\n<\/div>\n<\/div>\n\n\n\n<div style=\"height:100px\" aria-hidden=\"true\" class=\"wp-block-spacer\"><\/div>\n\n\n<div class=\"wp-block-image\">\n<figure class=\"aligncenter size-large is-resized\"><img loading=\"lazy\" decoding=\"async\" width=\"1024\" height=\"505\" src=\"https:\/\/aboutblu.com\/wp-content\/uploads\/anatomic-sole-landing-1024x505.png\" alt=\"\" class=\"wp-image-4608\" style=\"width:862px;height:auto\" srcset=\"https:\/\/aboutblu.com\/wp-content\/uploads\/anatomic-sole-landing-1024x505.png 1024w, https:\/\/aboutblu.com\/wp-content\/uploads\/anatomic-sole-landing-300x148.png 300w, https:\/\/aboutblu.com\/wp-content\/uploads\/anatomic-sole-landing-768x379.png 768w, https:\/\/aboutblu.com\/wp-content\/uploads\/anatomic-sole-landing-1536x758.png 1536w, https:\/\/aboutblu.com\/wp-content\/uploads\/anatomic-sole-landing-2048x1011.png 2048w\" sizes=\"auto, (max-width: 1024px) 100vw, 1024px\" \/><\/figure>\n<\/div>\n\n\n<div style=\"height:100px\" aria-hidden=\"true\" class=\"wp-block-spacer\"><\/div>\n\n\n\n<div class=\"wp-block-columns is-layout-flex wp-container-core-columns-is-layout-9d6595d7 wp-block-columns-is-layout-flex\">\n<div class=\"wp-block-column is-vertically-aligned-center is-layout-flow wp-block-column-is-layout-flow\">\n<h2 class=\"wp-block-heading has-text-color has-link-color wp-elements-274d6f71a85c503981d4b36a529bfe24\" style=\"color:#1b5eaa\">UN BIEN-\u00caTRE UNIQUE<\/h2>\n\n\n\n<p><div class=\"page\" title=\"Page 2\">&#13;\n<div class=\"layoutArea\">&#13;\n<div class=\"column\">&#13;\n&#13;\nUne extre\u0302me attention a e\u0301te\u0301 porte\u0301e a\u0300 la cre\u0301ation d&rsquo;une <strong>forme anatomique ide\u0301ale<\/strong>: la morphologie de la surface en contact avec le pied est en effet juste suffisante pour accueillir les pieds de la plupart des gens.&#13;\n&#13;\n<\/div>&#13;\n<\/div>&#13;\n<\/div><\/p>\n<\/div>\n\n\n\n<div class=\"wp-block-column is-vertically-aligned-center is-layout-flow wp-block-column-is-layout-flow\">\n<h2 class=\"wp-block-heading has-text-align-left has-text-color has-link-color wp-elements-821ab42de6f5bf3e5ee138ca151e09fa\" style=\"color:#1b5eaa;text-transform:uppercase\">UN PAS EN AVANT<\/h2>\n\n\n\n<p><div class=\"page\" title=\"Page 2\">&#13;\n<div class=\"layoutArea\">&#13;\n<div class=\"column\">&#13;\n&#13;\nEn re\u0301sume\u0301, la forme anatomique des chaussures Aboutblu repre\u0301sente un pas en avant car elle reconnai\u0302t et s&rsquo;adapte a\u0300 la complexite\u0301 de la structure du pied humain, offrant un <strong>confort<\/strong>, un <strong>soutien postural<\/strong> et une <strong>protection optimale<\/strong>.&#13;\n&#13;\n<\/div>&#13;\n<\/div>&#13;\n<\/div><\/p>\n<\/div>\n<\/div>\n\n\n\n<div style=\"height:100px\" aria-hidden=\"true\" class=\"wp-block-spacer\"><\/div>\n\n\n\n<div class=\"wp-block-cover\"><span aria-hidden=\"true\" class=\"wp-block-cover__background has-background-dim\"><\/span><img loading=\"lazy\" decoding=\"async\" width=\"2560\" height=\"1824\" class=\"wp-block-cover__image-background wp-image-4572\" alt=\"\" src=\"https:\/\/aboutblu.com\/wp-content\/uploads\/Ab_Formula_Navy3-copia-1-scaled.jpg\" data-object-fit=\"cover\" srcset=\"https:\/\/aboutblu.com\/wp-content\/uploads\/Ab_Formula_Navy3-copia-1-scaled.jpg 2560w, https:\/\/aboutblu.com\/wp-content\/uploads\/Ab_Formula_Navy3-copia-1-300x214.jpg 300w, https:\/\/aboutblu.com\/wp-content\/uploads\/Ab_Formula_Navy3-copia-1-1024x729.jpg 1024w, https:\/\/aboutblu.com\/wp-content\/uploads\/Ab_Formula_Navy3-copia-1-768x547.jpg 768w, https:\/\/aboutblu.com\/wp-content\/uploads\/Ab_Formula_Navy3-copia-1-1536x1094.jpg 1536w, https:\/\/aboutblu.com\/wp-content\/uploads\/Ab_Formula_Navy3-copia-1-2048x1459.jpg 2048w\" sizes=\"auto, (max-width: 2560px) 100vw, 2560px\" \/><div class=\"wp-block-cover__inner-container is-layout-constrained wp-block-cover-is-layout-constrained\">\n<h2 class=\"wp-block-heading has-text-align-center\">PROGETTO POSTURA\r\npour ABOUTBLU<\/h2>\n\n\n\n<p class=\"has-text-align-center has-small-font-size\">D\u00e9couvrez comment l&rsquo;enqu\u00eate men\u00e9e par Progetto Postura aupr\u00e8s d&rsquo;une entreprise du secteur automobile a conduit cette derni\u00e8re \u00e0 adopter<br>les chaussures Aboublu et comment les r\u00e9sultats des tests ult\u00e9rieurs ont confirm\u00e9 leur ad\u00e9quation.<\/p>\n\n\n\n<div style=\"height:21px\" aria-hidden=\"true\" class=\"wp-block-spacer\"><\/div>\n\n\n\n<div class=\"wp-block-buttons is-content-justification-center is-layout-flex wp-container-core-buttons-is-layout-16018d1d wp-block-buttons-is-layout-flex\">\n<div class=\"wp-block-button is-style-outline is-style-outline--1\"><a class=\"wp-block-button__link has-text-color has-link-color wp-element-button\" href=\"https:\/\/progettopostura.aboutblu.com\/progetto-postura-fra\/\" style=\"border-radius:0px;color:#ced720\" target=\"_blank\" rel=\"noreferrer noopener\">D\u00e9couvrir PROGETTO POSTURA<\/a><\/div>\n<\/div>\n<\/div><\/div>\n","protected":false},"excerpt":{"rendered":"<p>CONFORT INALTE\u0301RABLE &#13; &#13; &#13; &#13; Les chaussures traditionnelles, en raison de leur structure uniforme et standardise\u0301e, ont tendance a\u0300 ne\u0301cessiter des semelles inte\u0301rieures ou des plantaires qui se de\u0301te\u0301riorent progressivement et rapidement. Cette caracte\u0301ristique peut contribuer a\u0300 des de\u0301se\u0301quilibres ne\u0301fastes au de\u0301triment du confort des travailleurs. La Forme Anatomique Aboutblu, quant a\u0300 elle, est [&hellip;]<\/p>\n","protected":false},"author":2,"featured_media":0,"parent":0,"menu_order":0,"comment_status":"closed","ping_status":"closed","template":"","meta":{"footnotes":""},"class_list":["post-4662","page","type-page","status-publish","hentry"],"acf":[],"yoast_head":"<!-- This site is optimized with the Yoast SEO plugin v22.2 - https:\/\/yoast.com\/wordpress\/plugins\/seo\/ -->\n<title>Aboutblu Anatomic Sole - AboutBlu<\/title>\n<meta name=\"robots\" content=\"index, follow, max-snippet:-1, max-image-preview:large, max-video-preview:-1\" \/>\n<link rel=\"canonical\" href=\"https:\/\/aboutblu.com\/forma-anatomica\/\" \/>\n<meta property=\"og:locale\" content=\"fr_FR\" \/>\n<meta property=\"og:type\" content=\"article\" \/>\n<meta property=\"og:title\" content=\"Aboutblu Anatomic Sole - AboutBlu\" \/>\n<meta property=\"og:description\" content=\"CONFORT INALTE\u0301RABLE &#013; &#013; &#013; &#013; Les chaussures traditionnelles, en raison de leur structure uniforme et standardise\u0301e, ont tendance a\u0300 ne\u0301cessiter des semelles inte\u0301rieures ou des plantaires qui se de\u0301te\u0301riorent progressivement et rapidement. Cette caracte\u0301ristique peut contribuer a\u0300 des de\u0301se\u0301quilibres ne\u0301fastes au de\u0301triment du confort des travailleurs. La Forme Anatomique Aboutblu, quant a\u0300 elle, est [&hellip;]\" \/>\n<meta property=\"og:url\" content=\"https:\/\/aboutblu.com\/forma-anatomica\/\" \/>\n<meta property=\"og:site_name\" content=\"AboutBlu\" \/>\n<meta property=\"article:publisher\" content=\"https:\/\/www.facebook.com\/aboutblu\/\" \/>\n<meta property=\"article:modified_time\" content=\"2024-02-22T11:37:03+00:00\" \/>\n<meta property=\"og:image\" content=\"https:\/\/aboutblu.com\/wp-content\/uploads\/anatomic-sole-landing-1024x505.png\" \/>\n<meta name=\"twitter:card\" content=\"summary_large_image\" \/>\n<meta name=\"twitter:label1\" content=\"Dur\u00e9e de lecture estim\u00e9e\" \/>\n\t<meta name=\"twitter:data1\" content=\"2 minutes\" \/>\n<script type=\"application\/ld+json\" class=\"yoast-schema-graph\">{\"@context\":\"https:\/\/schema.org\",\"@graph\":[{\"@type\":\"WebPage\",\"@id\":\"https:\/\/aboutblu.com\/forma-anatomica\/\",\"url\":\"https:\/\/aboutblu.com\/forma-anatomica\/\",\"name\":\"Aboutblu Anatomic Sole - AboutBlu\",\"isPartOf\":{\"@id\":\"https:\/\/aboutblu.com\/#website\"},\"primaryImageOfPage\":{\"@id\":\"https:\/\/aboutblu.com\/forma-anatomica\/#primaryimage\"},\"image\":{\"@id\":\"https:\/\/aboutblu.com\/forma-anatomica\/#primaryimage\"},\"thumbnailUrl\":\"https:\/\/aboutblu.com\/wp-content\/uploads\/anatomic-sole-landing-1024x505.png\",\"datePublished\":\"2024-02-20T09:02:01+00:00\",\"dateModified\":\"2024-02-22T11:37:03+00:00\",\"breadcrumb\":{\"@id\":\"https:\/\/aboutblu.com\/forma-anatomica\/#breadcrumb\"},\"inLanguage\":\"fr-FR\",\"potentialAction\":[{\"@type\":\"ReadAction\",\"target\":[\"https:\/\/aboutblu.com\/forma-anatomica\/\"]}]},{\"@type\":\"ImageObject\",\"inLanguage\":\"fr-FR\",\"@id\":\"https:\/\/aboutblu.com\/forma-anatomica\/#primaryimage\",\"url\":\"https:\/\/aboutblu.com\/wp-content\/uploads\/anatomic-sole-landing.png\",\"contentUrl\":\"https:\/\/aboutblu.com\/wp-content\/uploads\/anatomic-sole-landing.png\",\"width\":6657,\"height\":3286},{\"@type\":\"BreadcrumbList\",\"@id\":\"https:\/\/aboutblu.com\/forma-anatomica\/#breadcrumb\",\"itemListElement\":[{\"@type\":\"ListItem\",\"position\":1,\"name\":\"Home\",\"item\":\"https:\/\/aboutblu.com\/fr\/\"},{\"@type\":\"ListItem\",\"position\":2,\"name\":\"Aboutblu Anatomic Sole\"}]},{\"@type\":\"WebSite\",\"@id\":\"https:\/\/aboutblu.com\/#website\",\"url\":\"https:\/\/aboutblu.com\/\",\"name\":\"Aboutblu\",\"description\":\"\",\"publisher\":{\"@id\":\"https:\/\/aboutblu.com\/#organization\"},\"potentialAction\":[{\"@type\":\"SearchAction\",\"target\":{\"@type\":\"EntryPoint\",\"urlTemplate\":\"https:\/\/aboutblu.com\/?s={search_term_string}\"},\"query-input\":\"required name=search_term_string\"}],\"inLanguage\":\"fr-FR\"},{\"@type\":\"Organization\",\"@id\":\"https:\/\/aboutblu.com\/#organization\",\"name\":\"Aboutblu\",\"url\":\"https:\/\/aboutblu.com\/\",\"logo\":{\"@type\":\"ImageObject\",\"inLanguage\":\"fr-FR\",\"@id\":\"https:\/\/aboutblu.com\/#\/schema\/logo\/image\/\",\"url\":\"https:\/\/aboutblu.com\/wp-content\/uploads\/Aboutblu_Logo_v1-blue-safe-zone.png\",\"contentUrl\":\"https:\/\/aboutblu.com\/wp-content\/uploads\/Aboutblu_Logo_v1-blue-safe-zone.png\",\"width\":800,\"height\":826,\"caption\":\"Aboutblu\"},\"image\":{\"@id\":\"https:\/\/aboutblu.com\/#\/schema\/logo\/image\/\"},\"sameAs\":[\"https:\/\/www.facebook.com\/aboutblu\/\",\"https:\/\/www.instagram.com\/aboutblu_safetyshoes\/\",\"https:\/\/www.linkedin.com\/showcase\/aboutblu\/?viewAsMember=true\",\"https:\/\/www.youtube.com\/@aboutblusafetyshoes\"]}]}<\/script>\n<!-- \/ Yoast SEO plugin. -->","yoast_head_json":{"title":"Aboutblu Anatomic Sole - AboutBlu","robots":{"index":"index","follow":"follow","max-snippet":"max-snippet:-1","max-image-preview":"max-image-preview:large","max-video-preview":"max-video-preview:-1"},"canonical":"https:\/\/aboutblu.com\/forma-anatomica\/","og_locale":"fr_FR","og_type":"article","og_title":"Aboutblu Anatomic Sole - AboutBlu","og_description":"CONFORT INALTE\u0301RABLE &#13; &#13; &#13; &#13; Les chaussures traditionnelles, en raison de leur structure uniforme et standardise\u0301e, ont tendance a\u0300 ne\u0301cessiter des semelles inte\u0301rieures ou des plantaires qui se de\u0301te\u0301riorent progressivement et rapidement. Cette caracte\u0301ristique peut contribuer a\u0300 des de\u0301se\u0301quilibres ne\u0301fastes au de\u0301triment du confort des travailleurs. La Forme Anatomique Aboutblu, quant a\u0300 elle, est [&hellip;]","og_url":"https:\/\/aboutblu.com\/forma-anatomica\/","og_site_name":"AboutBlu","article_publisher":"https:\/\/www.facebook.com\/aboutblu\/","article_modified_time":"2024-02-22T11:37:03+00:00","og_image":[{"url":"https:\/\/aboutblu.com\/wp-content\/uploads\/anatomic-sole-landing-1024x505.png"}],"twitter_card":"summary_large_image","twitter_misc":{"Dur\u00e9e de lecture estim\u00e9e":"2 minutes"},"schema":{"@context":"https:\/\/schema.org","@graph":[{"@type":"WebPage","@id":"https:\/\/aboutblu.com\/forma-anatomica\/","url":"https:\/\/aboutblu.com\/forma-anatomica\/","name":"Aboutblu Anatomic Sole - AboutBlu","isPartOf":{"@id":"https:\/\/aboutblu.com\/#website"},"primaryImageOfPage":{"@id":"https:\/\/aboutblu.com\/forma-anatomica\/#primaryimage"},"image":{"@id":"https:\/\/aboutblu.com\/forma-anatomica\/#primaryimage"},"thumbnailUrl":"https:\/\/aboutblu.com\/wp-content\/uploads\/anatomic-sole-landing-1024x505.png","datePublished":"2024-02-20T09:02:01+00:00","dateModified":"2024-02-22T11:37:03+00:00","breadcrumb":{"@id":"https:\/\/aboutblu.com\/forma-anatomica\/#breadcrumb"},"inLanguage":"fr-FR","potentialAction":[{"@type":"ReadAction","target":["https:\/\/aboutblu.com\/forma-anatomica\/"]}]},{"@type":"ImageObject","inLanguage":"fr-FR","@id":"https:\/\/aboutblu.com\/forma-anatomica\/#primaryimage","url":"https:\/\/aboutblu.com\/wp-content\/uploads\/anatomic-sole-landing.png","contentUrl":"https:\/\/aboutblu.com\/wp-content\/uploads\/anatomic-sole-landing.png","width":6657,"height":3286},{"@type":"BreadcrumbList","@id":"https:\/\/aboutblu.com\/forma-anatomica\/#breadcrumb","itemListElement":[{"@type":"ListItem","position":1,"name":"Home","item":"https:\/\/aboutblu.com\/fr\/"},{"@type":"ListItem","position":2,"name":"Aboutblu Anatomic Sole"}]},{"@type":"WebSite","@id":"https:\/\/aboutblu.com\/#website","url":"https:\/\/aboutblu.com\/","name":"Aboutblu","description":"","publisher":{"@id":"https:\/\/aboutblu.com\/#organization"},"potentialAction":[{"@type":"SearchAction","target":{"@type":"EntryPoint","urlTemplate":"https:\/\/aboutblu.com\/?s={search_term_string}"},"query-input":"required name=search_term_string"}],"inLanguage":"fr-FR"},{"@type":"Organization","@id":"https:\/\/aboutblu.com\/#organization","name":"Aboutblu","url":"https:\/\/aboutblu.com\/","logo":{"@type":"ImageObject","inLanguage":"fr-FR","@id":"https:\/\/aboutblu.com\/#\/schema\/logo\/image\/","url":"https:\/\/aboutblu.com\/wp-content\/uploads\/Aboutblu_Logo_v1-blue-safe-zone.png","contentUrl":"https:\/\/aboutblu.com\/wp-content\/uploads\/Aboutblu_Logo_v1-blue-safe-zone.png","width":800,"height":826,"caption":"Aboutblu"},"image":{"@id":"https:\/\/aboutblu.com\/#\/schema\/logo\/image\/"},"sameAs":["https:\/\/www.facebook.com\/aboutblu\/","https:\/\/www.instagram.com\/aboutblu_safetyshoes\/","https:\/\/www.linkedin.com\/showcase\/aboutblu\/?viewAsMember=true","https:\/\/www.youtube.com\/@aboutblusafetyshoes"]}]}},"_links":{"self":[{"href":"https:\/\/aboutblu.com\/fr\/wp-json\/wp\/v2\/pages\/4662","targetHints":{"allow":["GET"]}}],"collection":[{"href":"https:\/\/aboutblu.com\/fr\/wp-json\/wp\/v2\/pages"}],"about":[{"href":"https:\/\/aboutblu.com\/fr\/wp-json\/wp\/v2\/types\/page"}],"author":[{"embeddable":true,"href":"https:\/\/aboutblu.com\/fr\/wp-json\/wp\/v2\/users\/2"}],"replies":[{"embeddable":true,"href":"https:\/\/aboutblu.com\/fr\/wp-json\/wp\/v2\/comments?post=4662"}],"version-history":[{"count":10,"href":"https:\/\/aboutblu.com\/fr\/wp-json\/wp\/v2\/pages\/4662\/revisions"}],"predecessor-version":[{"id":4691,"href":"https:\/\/aboutblu.com\/fr\/wp-json\/wp\/v2\/pages\/4662\/revisions\/4691"}],"wp:attachment":[{"href":"https:\/\/aboutblu.com\/fr\/wp-json\/wp\/v2\/media?parent=4662"}],"curies":[{"name":"wp","href":"https:\/\/api.w.org\/{rel}","templated":true}]}}