{"id":7237,"date":"2024-09-09T17:06:18","date_gmt":"2024-09-09T15:06:18","guid":{"rendered":"https:\/\/aboutblu.com\/?page_id=7237"},"modified":"2024-09-10T16:04:41","modified_gmt":"2024-09-10T14:04:41","slug":"accessoires-p-o-p","status":"publish","type":"page","link":"https:\/\/aboutblu.com\/fr\/accessoires-p-o-p\/","title":{"rendered":"Accessoires P.O.P."},"content":{"rendered":"\n<div style=\"height:40px\" aria-hidden=\"true\" class=\"wp-block-spacer\"><\/div>\n\n\n\n<div class=\"wp-block-columns is-layout-flex wp-container-core-columns-is-layout-9d6595d7 wp-block-columns-is-layout-flex\">\n<div class=\"wp-block-column is-layout-flow wp-block-column-is-layout-flow\" style=\"flex-basis:10%\"><\/div>\n\n\n\n<div class=\"wp-block-column is-vertically-aligned-center is-layout-flow wp-block-column-is-layout-flow\" style=\"flex-basis:33%\">\n<p class=\"has-text-color has-link-color wp-elements-853d384273a8724694ac8e98112811ed\" style=\"color:#440099;font-size:60px;font-style:normal;font-weight:700;text-transform:uppercase\">P.O.P.<\/p>\n\n\n\n<p style=\"font-size:18px\">Nous concevons et fournissons le mat\u00e9riel n\u00e9cessaire \u00e0 la personnalisation du point de vente : pr\u00e9sentoirs, \u00e9l\u00e9ments d&rsquo;ameublement, etc.<\/p>\n<\/div>\n\n\n\n<div class=\"wp-block-column is-vertically-aligned-center is-layout-flow wp-block-column-is-layout-flow\" style=\"flex-basis:66%\">\n<figure class=\"wp-block-image size-large\"><img loading=\"lazy\" decoding=\"async\" width=\"1024\" height=\"662\" src=\"https:\/\/aboutblu.com\/wp-content\/uploads\/AB_POP_0_infografica-1024x662.png\" alt=\"\" class=\"wp-image-7245\" srcset=\"https:\/\/aboutblu.com\/wp-content\/uploads\/AB_POP_0_infografica-1024x662.png 1024w, https:\/\/aboutblu.com\/wp-content\/uploads\/AB_POP_0_infografica-300x194.png 300w, https:\/\/aboutblu.com\/wp-content\/uploads\/AB_POP_0_infografica-768x496.png 768w, https:\/\/aboutblu.com\/wp-content\/uploads\/AB_POP_0_infografica-1536x993.png 1536w, https:\/\/aboutblu.com\/wp-content\/uploads\/AB_POP_0_infografica-2048x1324.png 2048w\" sizes=\"auto, (max-width: 1024px) 100vw, 1024px\" \/><\/figure>\n<\/div>\n\n\n\n<div class=\"wp-block-column is-layout-flow wp-block-column-is-layout-flow\" style=\"flex-basis:10%\"><\/div>\n<\/div>\n\n\n\n<div style=\"height:80px\" aria-hidden=\"true\" class=\"wp-block-spacer\"><\/div>\n\n\n\n<div class=\"wp-block-columns is-layout-flex wp-container-core-columns-is-layout-9d6595d7 wp-block-columns-is-layout-flex\">\n<div class=\"wp-block-column is-layout-flow wp-block-column-is-layout-flow\" style=\"flex-basis:10%\"><\/div>\n\n\n\n<div class=\"wp-block-column is-layout-flow wp-block-column-is-layout-flow\"><div class=\"wp-block-image\">\n<figure class=\"aligncenter size-large\"><img loading=\"lazy\" decoding=\"async\" width=\"1024\" height=\"1024\" src=\"https:\/\/aboutblu.com\/wp-content\/uploads\/AB_POP_chair-1024x1024.png\" alt=\"\" class=\"wp-image-7253\" srcset=\"https:\/\/aboutblu.com\/wp-content\/uploads\/AB_POP_chair-1024x1024.png 1024w, https:\/\/aboutblu.com\/wp-content\/uploads\/AB_POP_chair-300x300.png 300w, https:\/\/aboutblu.com\/wp-content\/uploads\/AB_POP_chair-150x150.png 150w, https:\/\/aboutblu.com\/wp-content\/uploads\/AB_POP_chair-768x768.png 768w, https:\/\/aboutblu.com\/wp-content\/uploads\/AB_POP_chair-1536x1536.png 1536w, https:\/\/aboutblu.com\/wp-content\/uploads\/AB_POP_chair-2048x2048.png 2048w\" sizes=\"auto, (max-width: 1024px) 100vw, 1024px\" \/><\/figure>\n<\/div>\n\n\n<p class=\"has-text-align-left\"><strong>CHAISE<\/strong>\r\n<em>AC0SEDIAAB042021<\/em><\/p>\n<\/div>\n\n\n\n<div class=\"wp-block-column is-layout-flow wp-block-column-is-layout-flow\"><div class=\"wp-block-image\">\n<figure class=\"aligncenter size-large\"><img loading=\"lazy\" decoding=\"async\" width=\"1024\" height=\"1024\" src=\"https:\/\/aboutblu.com\/wp-content\/uploads\/AB_POP_desk_display-1024x1024.png\" alt=\"\" class=\"wp-image-7258\" srcset=\"https:\/\/aboutblu.com\/wp-content\/uploads\/AB_POP_desk_display-1024x1024.png 1024w, https:\/\/aboutblu.com\/wp-content\/uploads\/AB_POP_desk_display-300x300.png 300w, https:\/\/aboutblu.com\/wp-content\/uploads\/AB_POP_desk_display-150x150.png 150w, https:\/\/aboutblu.com\/wp-content\/uploads\/AB_POP_desk_display-768x768.png 768w, https:\/\/aboutblu.com\/wp-content\/uploads\/AB_POP_desk_display-1536x1536.png 1536w, https:\/\/aboutblu.com\/wp-content\/uploads\/AB_POP_desk_display-2048x2048.png 2048w\" sizes=\"auto, (max-width: 1024px) 100vw, 1024px\" \/><\/figure>\n<\/div>\n\n\n<p class=\"has-text-align-left\"><strong>PR\u00c9SENTOIRS DE BUREAU<\/strong>\r\n<em>AC0SPOWBC0221IT<\/em><\/p>\n<\/div>\n\n\n\n<div class=\"wp-block-column is-layout-flow wp-block-column-is-layout-flow\" style=\"flex-basis:10%\"><\/div>\n<\/div>\n\n\n\n<div style=\"height:60px\" aria-hidden=\"true\" class=\"wp-block-spacer\"><\/div>\n\n\n\n<div class=\"wp-block-columns is-layout-flex wp-container-core-columns-is-layout-9d6595d7 wp-block-columns-is-layout-flex\">\n<div class=\"wp-block-column is-layout-flow wp-block-column-is-layout-flow\" style=\"flex-basis:10%\"><\/div>\n\n\n\n<div class=\"wp-block-column is-layout-flow wp-block-column-is-layout-flow\"><div class=\"wp-block-image\">\n<figure class=\"aligncenter size-large\"><img loading=\"lazy\" decoding=\"async\" width=\"1024\" height=\"1024\" src=\"https:\/\/aboutblu.com\/wp-content\/uploads\/AB_POP_display-1024x1024.png\" alt=\"\" class=\"wp-image-7262\" srcset=\"https:\/\/aboutblu.com\/wp-content\/uploads\/AB_POP_display-1024x1024.png 1024w, https:\/\/aboutblu.com\/wp-content\/uploads\/AB_POP_display-300x300.png 300w, https:\/\/aboutblu.com\/wp-content\/uploads\/AB_POP_display-150x150.png 150w, https:\/\/aboutblu.com\/wp-content\/uploads\/AB_POP_display-768x768.png 768w, https:\/\/aboutblu.com\/wp-content\/uploads\/AB_POP_display-1536x1536.png 1536w, https:\/\/aboutblu.com\/wp-content\/uploads\/AB_POP_display-2048x2048.png 2048w\" sizes=\"auto, (max-width: 1024px) 100vw, 1024px\" \/><\/figure>\n<\/div>\n\n\n<p class=\"has-text-align-left\"><strong>PR\u00c9SENTOIRS<\/strong>\r\n<em>AC0ESABTR092020<\/em><\/p>\n<\/div>\n\n\n\n<div class=\"wp-block-column is-layout-flow wp-block-column-is-layout-flow\"><div class=\"wp-block-image\">\n<figure class=\"aligncenter size-large\"><img loading=\"lazy\" decoding=\"async\" width=\"1024\" height=\"1024\" src=\"https:\/\/aboutblu.com\/wp-content\/uploads\/AB_POP_carpet-1024x1024.png\" alt=\"\" class=\"wp-image-7249\" srcset=\"https:\/\/aboutblu.com\/wp-content\/uploads\/AB_POP_carpet-1024x1024.png 1024w, https:\/\/aboutblu.com\/wp-content\/uploads\/AB_POP_carpet-300x300.png 300w, https:\/\/aboutblu.com\/wp-content\/uploads\/AB_POP_carpet-150x150.png 150w, https:\/\/aboutblu.com\/wp-content\/uploads\/AB_POP_carpet-768x768.png 768w, https:\/\/aboutblu.com\/wp-content\/uploads\/AB_POP_carpet-1536x1536.png 1536w, https:\/\/aboutblu.com\/wp-content\/uploads\/AB_POP_carpet-2048x2048.png 2048w\" sizes=\"auto, (max-width: 1024px) 100vw, 1024px\" \/><\/figure>\n<\/div>\n\n\n<p class=\"has-text-align-left\"><strong>TAPIS ABOUTBLU 80X50<\/strong>\r\n<em>AC0TAPABOUTB092021<\/em><\/p>\n<\/div>\n\n\n\n<div class=\"wp-block-column is-layout-flow wp-block-column-is-layout-flow\" style=\"flex-basis:10%\"><\/div>\n<\/div>\n","protected":false},"excerpt":{"rendered":"<p>P.O.P. Nous concevons et fournissons le mat\u00e9riel n\u00e9cessaire \u00e0 la personnalisation du point de vente : pr\u00e9sentoirs, \u00e9l\u00e9ments d&rsquo;ameublement, etc. CHAISE AC0SEDIAAB042021 PR\u00c9SENTOIRS DE BUREAU AC0SPOWBC0221IT PR\u00c9SENTOIRS AC0ESABTR092020 TAPIS ABOUTBLU 80X50 AC0TAPABOUTB092021<\/p>\n","protected":false},"author":2,"featured_media":0,"parent":0,"menu_order":0,"comment_status":"closed","ping_status":"closed","template":"","meta":{"footnotes":""},"class_list":["post-7237","page","type-page","status-publish","hentry"],"acf":[],"yoast_head":"<!-- This site is optimized with the Yoast SEO plugin v22.2 - https:\/\/yoast.com\/wordpress\/plugins\/seo\/ -->\n<title>Accessoires P.O.P. - AboutBlu<\/title>\n<meta name=\"robots\" content=\"index, follow, max-snippet:-1, max-image-preview:large, max-video-preview:-1\" \/>\n<link rel=\"canonical\" href=\"https:\/\/aboutblu.com\/fr\/accessoires-p-o-p\/\" \/>\n<meta property=\"og:locale\" content=\"fr_FR\" \/>\n<meta property=\"og:type\" content=\"article\" \/>\n<meta property=\"og:title\" content=\"Accessoires P.O.P. - AboutBlu\" \/>\n<meta property=\"og:description\" content=\"P.O.P. Nous concevons et fournissons le mat\u00e9riel n\u00e9cessaire \u00e0 la personnalisation du point de vente : pr\u00e9sentoirs, \u00e9l\u00e9ments d&rsquo;ameublement, etc. CHAISE AC0SEDIAAB042021 PR\u00c9SENTOIRS DE BUREAU AC0SPOWBC0221IT PR\u00c9SENTOIRS AC0ESABTR092020 TAPIS ABOUTBLU 80X50 AC0TAPABOUTB092021\" \/>\n<meta property=\"og:url\" content=\"https:\/\/aboutblu.com\/fr\/accessoires-p-o-p\/\" \/>\n<meta property=\"og:site_name\" content=\"AboutBlu\" \/>\n<meta property=\"article:publisher\" content=\"https:\/\/www.facebook.com\/aboutblu\/\" \/>\n<meta property=\"article:modified_time\" content=\"2024-09-10T14:04:41+00:00\" \/>\n<meta property=\"og:image\" content=\"https:\/\/aboutblu.com\/wp-content\/uploads\/AB_POP_0_infografica-1024x662.png\" \/>\n<meta name=\"twitter:card\" content=\"summary_large_image\" \/>\n<meta name=\"twitter:label1\" content=\"Dur\u00e9e de lecture estim\u00e9e\" \/>\n\t<meta name=\"twitter:data1\" content=\"2 minutes\" \/>\n<script type=\"application\/ld+json\" class=\"yoast-schema-graph\">{\"@context\":\"https:\/\/schema.org\",\"@graph\":[{\"@type\":\"WebPage\",\"@id\":\"https:\/\/aboutblu.com\/fr\/accessoires-p-o-p\/\",\"url\":\"https:\/\/aboutblu.com\/fr\/accessoires-p-o-p\/\",\"name\":\"Accessoires P.O.P. - AboutBlu\",\"isPartOf\":{\"@id\":\"https:\/\/aboutblu.com\/#website\"},\"primaryImageOfPage\":{\"@id\":\"https:\/\/aboutblu.com\/fr\/accessoires-p-o-p\/#primaryimage\"},\"image\":{\"@id\":\"https:\/\/aboutblu.com\/fr\/accessoires-p-o-p\/#primaryimage\"},\"thumbnailUrl\":\"https:\/\/aboutblu.com\/wp-content\/uploads\/AB_POP_0_infografica-1024x662.png\",\"datePublished\":\"2024-09-09T15:06:18+00:00\",\"dateModified\":\"2024-09-10T14:04:41+00:00\",\"breadcrumb\":{\"@id\":\"https:\/\/aboutblu.com\/fr\/accessoires-p-o-p\/#breadcrumb\"},\"inLanguage\":\"fr-FR\",\"potentialAction\":[{\"@type\":\"ReadAction\",\"target\":[\"https:\/\/aboutblu.com\/fr\/accessoires-p-o-p\/\"]}]},{\"@type\":\"ImageObject\",\"inLanguage\":\"fr-FR\",\"@id\":\"https:\/\/aboutblu.com\/fr\/accessoires-p-o-p\/#primaryimage\",\"url\":\"https:\/\/aboutblu.com\/wp-content\/uploads\/AB_POP_0_infografica.png\",\"contentUrl\":\"https:\/\/aboutblu.com\/wp-content\/uploads\/AB_POP_0_infografica.png\",\"width\":2500,\"height\":1616},{\"@type\":\"BreadcrumbList\",\"@id\":\"https:\/\/aboutblu.com\/fr\/accessoires-p-o-p\/#breadcrumb\",\"itemListElement\":[{\"@type\":\"ListItem\",\"position\":1,\"name\":\"Home\",\"item\":\"https:\/\/aboutblu.com\/fr\/\"},{\"@type\":\"ListItem\",\"position\":2,\"name\":\"Accessoires P.O.P.\"}]},{\"@type\":\"WebSite\",\"@id\":\"https:\/\/aboutblu.com\/#website\",\"url\":\"https:\/\/aboutblu.com\/\",\"name\":\"Aboutblu\",\"description\":\"\",\"publisher\":{\"@id\":\"https:\/\/aboutblu.com\/#organization\"},\"potentialAction\":[{\"@type\":\"SearchAction\",\"target\":{\"@type\":\"EntryPoint\",\"urlTemplate\":\"https:\/\/aboutblu.com\/?s={search_term_string}\"},\"query-input\":\"required name=search_term_string\"}],\"inLanguage\":\"fr-FR\"},{\"@type\":\"Organization\",\"@id\":\"https:\/\/aboutblu.com\/#organization\",\"name\":\"Aboutblu\",\"url\":\"https:\/\/aboutblu.com\/\",\"logo\":{\"@type\":\"ImageObject\",\"inLanguage\":\"fr-FR\",\"@id\":\"https:\/\/aboutblu.com\/#\/schema\/logo\/image\/\",\"url\":\"https:\/\/aboutblu.com\/wp-content\/uploads\/Aboutblu_Logo_v1-blue-safe-zone.png\",\"contentUrl\":\"https:\/\/aboutblu.com\/wp-content\/uploads\/Aboutblu_Logo_v1-blue-safe-zone.png\",\"width\":800,\"height\":826,\"caption\":\"Aboutblu\"},\"image\":{\"@id\":\"https:\/\/aboutblu.com\/#\/schema\/logo\/image\/\"},\"sameAs\":[\"https:\/\/www.facebook.com\/aboutblu\/\",\"https:\/\/www.instagram.com\/aboutblu_safetyshoes\/\",\"https:\/\/www.linkedin.com\/showcase\/aboutblu\/?viewAsMember=true\",\"https:\/\/www.youtube.com\/@aboutblusafetyshoes\"]}]}<\/script>\n<!-- \/ Yoast SEO plugin. -->","yoast_head_json":{"title":"Accessoires P.O.P. - AboutBlu","robots":{"index":"index","follow":"follow","max-snippet":"max-snippet:-1","max-image-preview":"max-image-preview:large","max-video-preview":"max-video-preview:-1"},"canonical":"https:\/\/aboutblu.com\/fr\/accessoires-p-o-p\/","og_locale":"fr_FR","og_type":"article","og_title":"Accessoires P.O.P. - AboutBlu","og_description":"P.O.P. Nous concevons et fournissons le mat\u00e9riel n\u00e9cessaire \u00e0 la personnalisation du point de vente : pr\u00e9sentoirs, \u00e9l\u00e9ments d&rsquo;ameublement, etc. CHAISE AC0SEDIAAB042021 PR\u00c9SENTOIRS DE BUREAU AC0SPOWBC0221IT PR\u00c9SENTOIRS AC0ESABTR092020 TAPIS ABOUTBLU 80X50 AC0TAPABOUTB092021","og_url":"https:\/\/aboutblu.com\/fr\/accessoires-p-o-p\/","og_site_name":"AboutBlu","article_publisher":"https:\/\/www.facebook.com\/aboutblu\/","article_modified_time":"2024-09-10T14:04:41+00:00","og_image":[{"url":"https:\/\/aboutblu.com\/wp-content\/uploads\/AB_POP_0_infografica-1024x662.png"}],"twitter_card":"summary_large_image","twitter_misc":{"Dur\u00e9e de lecture estim\u00e9e":"2 minutes"},"schema":{"@context":"https:\/\/schema.org","@graph":[{"@type":"WebPage","@id":"https:\/\/aboutblu.com\/fr\/accessoires-p-o-p\/","url":"https:\/\/aboutblu.com\/fr\/accessoires-p-o-p\/","name":"Accessoires P.O.P. - AboutBlu","isPartOf":{"@id":"https:\/\/aboutblu.com\/#website"},"primaryImageOfPage":{"@id":"https:\/\/aboutblu.com\/fr\/accessoires-p-o-p\/#primaryimage"},"image":{"@id":"https:\/\/aboutblu.com\/fr\/accessoires-p-o-p\/#primaryimage"},"thumbnailUrl":"https:\/\/aboutblu.com\/wp-content\/uploads\/AB_POP_0_infografica-1024x662.png","datePublished":"2024-09-09T15:06:18+00:00","dateModified":"2024-09-10T14:04:41+00:00","breadcrumb":{"@id":"https:\/\/aboutblu.com\/fr\/accessoires-p-o-p\/#breadcrumb"},"inLanguage":"fr-FR","potentialAction":[{"@type":"ReadAction","target":["https:\/\/aboutblu.com\/fr\/accessoires-p-o-p\/"]}]},{"@type":"ImageObject","inLanguage":"fr-FR","@id":"https:\/\/aboutblu.com\/fr\/accessoires-p-o-p\/#primaryimage","url":"https:\/\/aboutblu.com\/wp-content\/uploads\/AB_POP_0_infografica.png","contentUrl":"https:\/\/aboutblu.com\/wp-content\/uploads\/AB_POP_0_infografica.png","width":2500,"height":1616},{"@type":"BreadcrumbList","@id":"https:\/\/aboutblu.com\/fr\/accessoires-p-o-p\/#breadcrumb","itemListElement":[{"@type":"ListItem","position":1,"name":"Home","item":"https:\/\/aboutblu.com\/fr\/"},{"@type":"ListItem","position":2,"name":"Accessoires P.O.P."}]},{"@type":"WebSite","@id":"https:\/\/aboutblu.com\/#website","url":"https:\/\/aboutblu.com\/","name":"Aboutblu","description":"","publisher":{"@id":"https:\/\/aboutblu.com\/#organization"},"potentialAction":[{"@type":"SearchAction","target":{"@type":"EntryPoint","urlTemplate":"https:\/\/aboutblu.com\/?s={search_term_string}"},"query-input":"required name=search_term_string"}],"inLanguage":"fr-FR"},{"@type":"Organization","@id":"https:\/\/aboutblu.com\/#organization","name":"Aboutblu","url":"https:\/\/aboutblu.com\/","logo":{"@type":"ImageObject","inLanguage":"fr-FR","@id":"https:\/\/aboutblu.com\/#\/schema\/logo\/image\/","url":"https:\/\/aboutblu.com\/wp-content\/uploads\/Aboutblu_Logo_v1-blue-safe-zone.png","contentUrl":"https:\/\/aboutblu.com\/wp-content\/uploads\/Aboutblu_Logo_v1-blue-safe-zone.png","width":800,"height":826,"caption":"Aboutblu"},"image":{"@id":"https:\/\/aboutblu.com\/#\/schema\/logo\/image\/"},"sameAs":["https:\/\/www.facebook.com\/aboutblu\/","https:\/\/www.instagram.com\/aboutblu_safetyshoes\/","https:\/\/www.linkedin.com\/showcase\/aboutblu\/?viewAsMember=true","https:\/\/www.youtube.com\/@aboutblusafetyshoes"]}]}},"_links":{"self":[{"href":"https:\/\/aboutblu.com\/fr\/wp-json\/wp\/v2\/pages\/7237","targetHints":{"allow":["GET"]}}],"collection":[{"href":"https:\/\/aboutblu.com\/fr\/wp-json\/wp\/v2\/pages"}],"about":[{"href":"https:\/\/aboutblu.com\/fr\/wp-json\/wp\/v2\/types\/page"}],"author":[{"embeddable":true,"href":"https:\/\/aboutblu.com\/fr\/wp-json\/wp\/v2\/users\/2"}],"replies":[{"embeddable":true,"href":"https:\/\/aboutblu.com\/fr\/wp-json\/wp\/v2\/comments?post=7237"}],"version-history":[{"count":2,"href":"https:\/\/aboutblu.com\/fr\/wp-json\/wp\/v2\/pages\/7237\/revisions"}],"predecessor-version":[{"id":7272,"href":"https:\/\/aboutblu.com\/fr\/wp-json\/wp\/v2\/pages\/7237\/revisions\/7272"}],"wp:attachment":[{"href":"https:\/\/aboutblu.com\/fr\/wp-json\/wp\/v2\/media?parent=7237"}],"curies":[{"name":"wp","href":"https:\/\/api.w.org\/{rel}","templated":true}]}}